{"id":2458,"date":"2024-12-23T19:27:21","date_gmt":"2024-12-23T18:27:21","guid":{"rendered":"https:\/\/yoga-stile-im-vergleich.de\/vinyasa-flow\/"},"modified":"2024-12-23T19:27:21","modified_gmt":"2024-12-23T18:27:21","slug":"vinyasa-flow","status":"publish","type":"page","link":"https:\/\/yoga-stile-im-vergleich.de\/sk\/vinyasa-flow\/","title":{"rendered":"Vinyasa Flow"},"content":{"rendered":"\n<p>Vinyasa Flow je ob\u013e\u00faben\u00e1 met\u00f3da, ktor\u00e1 sa vyvinula v Amerike v 80. a 90. rokoch a od roku 2000 sa praktizuje a modifikuje po celom svete.<\/p>\n\n<p>P\u00f4vodn\u00fd, klasick\u00fd \u0161t\u00fdl jogy, ktor\u00fd zah\u0155\u0148a plynul\u00e9 pohyby, je <strong><a href=\"https:\/\/yoga-stile-im-vergleich.de\/sk\/astanga-joga\/\" title=\"A&#x161;tanga joga\">a\u0161tanga vinyasa joga<\/a>.<\/strong> Pohybov\u00e9 sekvencie s\u00fa tu rozvrhnut\u00e9 do radov, s\u00fa ve\u013emi atleticky n\u00e1ro\u010dn\u00e9 a kombinuj\u00fa sa so \u0161peci\u00e1lnou dychovou technikou pr\u00e1naj\u00e1ma zn\u00e1mou ako d\u00fdchanie Ujiay.<\/p>\n\n<p>Plynul\u00e9 prechody a pohyby sa nach\u00e1dzaj\u00fa v <strong><a href=\"https:\/\/youtu.be\/9IAWkAcEtLo?si=PrIdmBemXqvH10b9\" title=\"\">Pozdrav slnku<\/a> <\/strong>prirodzene, preto\u017ee sa cvi\u010d\u00ed nieko\u013eko pohybov v jednej sekvencii. Pozdrav slnku sa v r\u00f4znych podob\u00e1ch cvi\u010d\u00ed takmer v ka\u017edom \u0161t\u00fdle jogy orientovanom na telo. <\/p>\n\n<p>\u0160peci\u00e1lny jogov\u00fd \u0161t\u00fdl <strong>Vinyasa Flow <\/strong>je modern\u00fdm v\u00fdvojom a kombinuje \u0161irok\u00fa \u0161k\u00e1lu poz\u00edci\u00ed, ktor\u00e9 kr\u00e1tko dr\u017e\u00ed a potom okam\u017eite prech\u00e1dza na \u010fal\u0161iu formu. Sekvencie s\u00fa \u013eubovo\u013ene volite\u013en\u00e9 a cvi\u010dia sa s kombin\u00e1ciou d\u00fdchania alebo bez nej. V centre pozornosti je rados\u0165 z rytmick\u00e9ho a\u017e tane\u010dn\u00e9ho pohybu a rados\u0165 z flexibility.  <\/p>\n\n<p>Mnoh\u00e9 \u0161t\u00fdly siahaj\u00fa a\u017e k <a href=\"https:\/\/shivarea.com\" title=\"\">Shive Rea<\/a>, ktor\u00e1 p\u00f4vodne cvi\u010dila klasick\u00fd ashtanga vinyasa flow od Pattabhiho Joisa a sama absolvovala tane\u010dn\u00fd tr\u00e9ning. \u0160t\u00fdl, ktor\u00fd vyvinula, je zn\u00e1my pod r\u00f4znymi n\u00e1zvami: <strong>Vinyasa Flow Yoga<\/strong>, <strong>Prana Flow Yoga<\/strong>, <strong>Yoga Trance Dance<\/strong> alebo <strong>Prana Vinyasa <\/strong>&#8211; v\u017edy v\u0161ak obsahuje rovnak\u00fd princ\u00edp: Jogov\u00e9 poz\u00edcie, ktor\u00e9 sa cvi\u010dia v plynul\u00fdch tane\u010dn\u00fdch pohyboch v toku. <\/p>\n\n<p><strong><a href=\"https:\/\/yoga-stile-im-vergleich.de\/sk\/anusara-joga\/\" title=\"Anusara joga\">Anusara joga<\/a> <\/strong>je tie\u017e \u0161t\u00fdl vinyasa, ktor\u00fd <a href=\"https:\/\/barbranohyoga.com\" title=\"\">Barbara Noh <\/a>\u010falej rozvinula na z\u00e1klade bojov\u00fdch umen\u00ed, baletu a profesion\u00e1lneho tanca.<\/p>\n\n<p><strong>Tri joga<\/strong> od <a href=\"https:\/\/www.youtube.com\/watch?v=cvWjUT71j9M&amp;list=PL7284617846C8F6BD\" title=\"\">Kali Ray<\/a> (Tri je skratka pre as\u00e1ny, pr\u00e1n\u00e1j\u00e1mu a mudry) sa od 80. rokov 20. storo\u010dia rozv\u00edja aj v jemnom vinyasa flow a roz\u0161\u00edrila sa po celom svete.<\/p>\n\n<p><strong>\u010eal\u0161\u00ed aktu\u00e1lni z\u00e1stupcovia<\/strong><a href=\"https:\/\/www.youtube.com\/@hempshak\" title=\"\">: <br\/>Liquid Flow Yoga <\/a> <a href=\"https:\/\/www.liquidflowyoga.com\/alps150#about-alps\" title=\"\">Simona Parka<\/a><br\/><a href=\"https:\/\/www.youtube.com\/@inside.global\" title=\"\">Inside Flow Yoga<\/a> s Young Ho Kim,<br\/><a href=\"https:\/\/www.youtube.com\/@HappyYogaGoVap\" title=\"\">Happy Flow<\/a> alebo Happy Yoga<\/p>\n\n<p>V nasleduj\u00facom videu si m\u00f4\u017eete pozrie\u0165 roz\u0161\u00edren\u00fd \u0161t\u00fdl Vinyasa Flow, ktor\u00fd vych\u00e1dza z ashtanga a iyengar jogy:<br\/><\/p>\n\n<figure class=\"wp-block-embed is-type-video is-provider-youtube wp-block-embed-youtube wp-embed-aspect-16-9 wp-has-aspect-ratio\"><div class=\"wp-block-embed__wrapper\">\n<iframe loading=\"lazy\" title=\"Vinyasa Yoga Flow | kraftvolle 30 Min f\u00fcr den ganzen K\u00f6rper | Mittelstufe &amp; Fortgeschrittene\" width=\"525\" height=\"295\" src=\"https:\/\/www.youtube.com\/embed\/MLzVYEapwR4?feature=oembed\" frameborder=\"0\" allow=\"accelerometer; autoplay; clipboard-write; encrypted-media; gyroscope; picture-in-picture; web-share\" referrerpolicy=\"strict-origin-when-cross-origin\" allowfullscreen><\/iframe>\n<\/div><\/figure>\n\n<p>V druhom videu je pohyb realizovan\u00fd v choreografii tanca s hudbou. Naz\u00fdva sa &#8222;happy flow&#8220; alebo &#8222;happy yoga&#8220;. <\/p>\n\n<figure class=\"wp-block-embed is-type-video is-provider-youtube wp-block-embed-youtube wp-embed-aspect-16-9 wp-has-aspect-ratio\"><div class=\"wp-block-embed__wrapper\">\n<iframe loading=\"lazy\" title=\"Dancing with your Ghost - happy flow\" width=\"525\" height=\"295\" src=\"https:\/\/www.youtube.com\/embed\/x5lnlIGVh4w?feature=oembed\" frameborder=\"0\" allow=\"accelerometer; autoplay; clipboard-write; encrypted-media; gyroscope; picture-in-picture; web-share\" referrerpolicy=\"strict-origin-when-cross-origin\" allowfullscreen><\/iframe>\n<\/div><\/figure>\n\n<p>Tu sme sa dostali k \u010disto fyzick\u00e9mu pohybu. Nie je tu \u017eiadna duchovn\u00e1 motiv\u00e1cia, v popred\u00ed je rados\u0165 z fyzick\u00e9ho pohybu.   <\/p>\n\n<p>Pokra\u010dujte na \u010fal\u0161\u00ed \u0161t\u00fdl jogy: <a href=\"https:\/\/yoga-stile-im-vergleich.de\/sk\/jesudianska-joga\/\" title=\"Jesudi&#xE1;nska joga\">Yesudian<\/a><\/p>\n\n<p><\/p>\n","protected":false},"excerpt":{"rendered":"<p>Vinyasa Flow je ob\u013e\u00faben\u00e1 met\u00f3da, ktor\u00e1 sa vyvinula v Amerike v 80. a 90. rokoch a od roku 2000 sa praktizuje a modifikuje po celom svete. P\u00f4vodn\u00fd, klasick\u00fd \u0161t\u00fdl jogy, ktor\u00fd zah\u0155\u0148a plynul\u00e9 pohyby, je a\u0161tanga vinyasa joga. Pohybov\u00e9 sekvencie s\u00fa tu rozvrhnut\u00e9 do radov, s\u00fa ve\u013emi atleticky n\u00e1ro\u010dn\u00e9 a kombinuj\u00fa sa so \u0161peci\u00e1lnou dychovou &hellip; <\/p>\n<p class=\"link-more\"><a href=\"https:\/\/yoga-stile-im-vergleich.de\/sk\/vinyasa-flow\/\" class=\"more-link\">Pokra\u010dova\u0165 v \u010d\u00edtan\u00ed<span class=\"screen-reader-text\"> &#8222;Vinyasa Flow&#8220;<\/span><\/a><\/p>\n","protected":false},"author":1,"featured_media":0,"parent":0,"menu_order":0,"comment_status":"closed","ping_status":"closed","template":"","meta":{"footnotes":""},"class_list":["post-2458","page","type-page","status-publish","hentry"],"aioseo_notices":[],"_links":{"self":[{"href":"https:\/\/yoga-stile-im-vergleich.de\/sk\/wp-json\/wp\/v2\/pages\/2458","targetHints":{"allow":["GET"]}}],"collection":[{"href":"https:\/\/yoga-stile-im-vergleich.de\/sk\/wp-json\/wp\/v2\/pages"}],"about":[{"href":"https:\/\/yoga-stile-im-vergleich.de\/sk\/wp-json\/wp\/v2\/types\/page"}],"author":[{"embeddable":true,"href":"https:\/\/yoga-stile-im-vergleich.de\/sk\/wp-json\/wp\/v2\/users\/1"}],"replies":[{"embeddable":true,"href":"https:\/\/yoga-stile-im-vergleich.de\/sk\/wp-json\/wp\/v2\/comments?post=2458"}],"version-history":[{"count":1,"href":"https:\/\/yoga-stile-im-vergleich.de\/sk\/wp-json\/wp\/v2\/pages\/2458\/revisions"}],"predecessor-version":[{"id":2460,"href":"https:\/\/yoga-stile-im-vergleich.de\/sk\/wp-json\/wp\/v2\/pages\/2458\/revisions\/2460"}],"wp:attachment":[{"href":"https:\/\/yoga-stile-im-vergleich.de\/sk\/wp-json\/wp\/v2\/media?parent=2458"}],"curies":[{"name":"wp","href":"https:\/\/api.w.org\/{rel}","templated":true}]}}