{"id":2376,"date":"2025-01-02T10:38:45","date_gmt":"2025-01-02T09:38:45","guid":{"rendered":"https:\/\/yoga-stile-im-vergleich.de\/tradicna-joga-a-pohlad-do-buducnosti\/"},"modified":"2025-04-30T11:43:00","modified_gmt":"2025-04-30T09:43:00","slug":"tradicna-joga-a-pohlad-do-buducnosti","status":"publish","type":"page","link":"https:\/\/yoga-stile-im-vergleich.de\/sk\/tradicna-joga-a-pohlad-do-buducnosti\/","title":{"rendered":"Tradi\u010dn\u00e1 joga a poh\u013ead do bud\u00facnosti"},"content":{"rendered":"\n<p class=\"has-vivid-red-color has-text-color has-link-color wp-elements-3dc515103cbc1a390ccca027d8f14284\">T\u00e1to str\u00e1nka bola pridan\u00e1 a moment\u00e1lne sa na nej pracuje.  <\/p>\n\n<p><\/p>\n\n<p><\/p>\n","protected":false},"excerpt":{"rendered":"<p>T\u00e1to str\u00e1nka bola pridan\u00e1 a moment\u00e1lne sa na nej pracuje.<\/p>\n","protected":false},"author":1,"featured_media":0,"parent":0,"menu_order":0,"comment_status":"closed","ping_status":"closed","template":"","meta":{"footnotes":""},"class_list":["post-2376","page","type-page","status-publish","hentry"],"aioseo_notices":[],"_links":{"self":[{"href":"https:\/\/yoga-stile-im-vergleich.de\/sk\/wp-json\/wp\/v2\/pages\/2376","targetHints":{"allow":["GET"]}}],"collection":[{"href":"https:\/\/yoga-stile-im-vergleich.de\/sk\/wp-json\/wp\/v2\/pages"}],"about":[{"href":"https:\/\/yoga-stile-im-vergleich.de\/sk\/wp-json\/wp\/v2\/types\/page"}],"author":[{"embeddable":true,"href":"https:\/\/yoga-stile-im-vergleich.de\/sk\/wp-json\/wp\/v2\/users\/1"}],"replies":[{"embeddable":true,"href":"https:\/\/yoga-stile-im-vergleich.de\/sk\/wp-json\/wp\/v2\/comments?post=2376"}],"version-history":[{"count":1,"href":"https:\/\/yoga-stile-im-vergleich.de\/sk\/wp-json\/wp\/v2\/pages\/2376\/revisions"}],"predecessor-version":[{"id":2378,"href":"https:\/\/yoga-stile-im-vergleich.de\/sk\/wp-json\/wp\/v2\/pages\/2376\/revisions\/2378"}],"wp:attachment":[{"href":"https:\/\/yoga-stile-im-vergleich.de\/sk\/wp-json\/wp\/v2\/media?parent=2376"}],"curies":[{"name":"wp","href":"https:\/\/api.w.org\/{rel}","templated":true}]}}