{"id":2324,"date":"2018-05-04T06:02:45","date_gmt":"2018-05-04T04:02:45","guid":{"rendered":"https:\/\/yoga-stile-im-vergleich.de\/t-k-v-desikachar-vini-joga\/"},"modified":"2025-04-30T11:42:12","modified_gmt":"2025-04-30T09:42:12","slug":"t-k-v-desikachar-vini-joga","status":"publish","type":"page","link":"https:\/\/yoga-stile-im-vergleich.de\/sk\/t-k-v-desikachar-vini-joga\/","title":{"rendered":"T.K.V. Desikachar &#8211; Vini joga"},"content":{"rendered":"<div class=\"wp-block-image\">\n<figure class=\"alignleft\"><img loading=\"lazy\" decoding=\"async\" width=\"480\" height=\"320\" src=\"https:\/\/yoga-stile-im-vergleich.de\/wp-content\/uploads\/2024\/09\/desikachar1.jpg\" alt=\"\" class=\"wp-image-1227\" srcset=\"https:\/\/yoga-stile-im-vergleich.de\/wp-content\/uploads\/2024\/09\/desikachar1.jpg 480w, https:\/\/yoga-stile-im-vergleich.de\/wp-content\/uploads\/2024\/09\/desikachar1-300x200.jpg 300w\" sizes=\"auto, (max-width: 480px) 100vw, 480px\" \/><\/figure>\n<\/div>\n<h2 class=\"wp-block-heading\" style=\"font-size:25px\"><strong>T.K.V. Desikachar<\/strong><\/h2>\n\n<p>(1938-2016) je \u0161tvrt\u00fdm die\u0165a\u0165om \u0160r\u00ed Tirumalaja Kri\u0161nama\u010d\u00e1rju.<\/p>\n\n<p>Za\u017eil otcovu kari\u00e9ru a jeho jogu zbl\u00edzka. Spo\u010diatku to v\u0161ak bolo ako syn, a nie ako \u0161tudent, preto\u017ee najprv pracoval ako in\u017einier. O jogu sa za\u010dal zauj\u00edma\u0165 a\u017e v dospelosti, ke\u010f za\u017eil, ako jeho otec lie\u010dil chor\u00fdch \u013eud\u00ed. S otcom potom cvi\u010dil po\u010das posledn\u00fdch 29 rokov otcovho \u017eivota.   <\/p>\n\n<p>Pravdepodobne najintenz\u00edvnej\u0161ie pre\u017e\u00edval a osvojoval si otcove hodnoty, pou\u017e\u00edvanie jogov\u00fdch cvi\u010den\u00ed a ich lie\u010div\u00e9 \u00fa\u010dinky u svojich \u017eiakov. Na jeho po\u010des\u0165 zalo\u017eil v roku 1976 &#8222;Krishnamacharya Yoga Madiram&#8220; a napokon p\u00f4sobil ako u\u010dite\u013e jogy. Jeho otec zomrel v roku 1989 vo veku 101 rokov.  <\/p>\n\n<p><strong>Dojem z jeho osoby:<\/strong><\/p>\n\n<figure class=\"wp-block-embed is-type-video is-provider-youtube wp-block-embed-youtube wp-embed-aspect-4-3 wp-has-aspect-ratio\"><div class=\"wp-block-embed__wrapper\">\n<iframe loading=\"lazy\" title=\"IN CONVERSATION - T.K.V. DESIKACHAR\" width=\"525\" height=\"394\" src=\"https:\/\/www.youtube.com\/embed\/6hEMvA6BWqY?feature=oembed\" frameborder=\"0\" allow=\"accelerometer; autoplay; clipboard-write; encrypted-media; gyroscope; picture-in-picture; web-share\" referrerpolicy=\"strict-origin-when-cross-origin\" allowfullscreen><\/iframe>\n<\/div><\/figure>\n\n<p>Vini-joga opisuje Kri\u0161nama\u010darja pr\u00edstup k cvi\u010deniam hatha jogy: nevykon\u00e1vaj\u00fa sa staticky ako poz\u00edcia, ale plynulo. Charakteristick\u00e9 je aj to, \u017ee sekvencie cvi\u010den\u00ed s\u00fa individu\u00e1lne prisp\u00f4soben\u00e9 a rozvinut\u00e9 aktu\u00e1lnym potreb\u00e1m a mo\u017enostiam \u0161tudenta na hodine. Deje sa tak na individu\u00e1lnych lekci\u00e1ch alebo v mal\u00fdch skupin\u00e1ch &#8211; pod\u013ea vzoru Kri\u0161nama\u010d\u00e1rjovho p\u00f4sobenia v Madr\u00e1se.  <\/p>\n\n<p>V<a href=\"http:\/\/www.kompetenznetzyoga.de\/viniyoganachgefragt.htm\"><strong> rozhovore na<\/strong><\/a> Desikachar op\u00edsal svoj \u00fadiv, ke\u010f prv\u00fdkr\u00e1t pri\u0161iel na Z\u00e1pad a videl, \u017ee \u013eudia sa u\u010dia v skupin\u00e1ch a v pevne stanoven\u00fdch s\u00e9ri\u00e1ch jogov\u00fdch cvi\u010den\u00ed. To mu bolo \u00faplne cudzie, preto\u017ee individu\u00e1lny vz\u0165ah medzi u\u010dite\u013eom jogy alebo terapeutom, ako aj individu\u00e1lne prisp\u00f4sobenie cvi\u010den\u00ed aktu\u00e1lnej situ\u00e1cii cvi\u010denca, boli podstatnou s\u00fa\u010das\u0165ou vini jogy. Desikachar sa stavia kriticky k term\u00ednu vini-joga, preto\u017ee nechce, aby sa tento term\u00edn stal obchodnou zna\u010dkou a aby sa \u017eiv\u00e1 prax zredukovala na term\u00edn.<\/p>\n\n<p><strong>Desikacharov \u017eiak<\/strong><br\/>Zn\u00e1mym Desikacharov\u00fdm \u017eiakom je indick\u00fd <strong><a href=\"https:\/\/sriram.de\/\" title=\"\">R. Sriram<\/a><\/strong>ktor\u00fd \u017eije a pracuje v Nemecku. <strong>Imogen Dalmannov\u00e1<\/strong> a <strong>Martin Soder<\/strong>, ktor\u00ed v \u010dasopise <a href=\"https:\/\/viveka.de\/hefte-f%C3%BCr-yoga\/28\"><strong>Viveka<\/strong><\/a> magaz\u00edne, tie\u017e patria do tejto skupiny. <\/p>\n\n<p>Kliknut\u00edm sem z\u00edskate <strong> <a href=\"http:\/\/yoga-stile-im-vergleich.de\/vini-yoga-2\/\">praktick\u00e9 pr\u00edklady<\/a><\/strong><\/p>\n\n<p><strong><a title=\"B.K.S. Iyengar a jeho &#x161;t&#xFD;l Iyengar\" href=\"https:\/\/yoga-stile-im-vergleich.de\/sk\/b-k-s-iyengar-a-jeho-styl-iyengar\/\">Pokra\u010dova\u0165 na str\u00e1nku:<\/a> B.K.S. Iyengar &#8211; Joga<\/strong><\/p>\n","protected":false},"excerpt":{"rendered":"<p>T.K.V. Desikachar (1938-2016) je \u0161tvrt\u00fdm die\u0165a\u0165om \u0160r\u00ed Tirumalaja Kri\u0161nama\u010d\u00e1rju. Za\u017eil otcovu kari\u00e9ru a jeho jogu zbl\u00edzka. Spo\u010diatku to v\u0161ak bolo ako syn, a nie ako \u0161tudent, preto\u017ee najprv pracoval ako in\u017einier. O jogu sa za\u010dal zauj\u00edma\u0165 a\u017e v dospelosti, ke\u010f za\u017eil, ako jeho otec lie\u010dil chor\u00fdch \u013eud\u00ed. S otcom potom cvi\u010dil po\u010das posledn\u00fdch 29 rokov &hellip; <\/p>\n<p class=\"link-more\"><a href=\"https:\/\/yoga-stile-im-vergleich.de\/sk\/t-k-v-desikachar-vini-joga\/\" class=\"more-link\">Pokra\u010dova\u0165 v \u010d\u00edtan\u00ed<span class=\"screen-reader-text\"> &#8222;T.K.V. Desikachar &#8211; Vini joga&#8220;<\/span><\/a><\/p>\n","protected":false},"author":1,"featured_media":0,"parent":0,"menu_order":0,"comment_status":"closed","ping_status":"closed","template":"","meta":{"footnotes":""},"class_list":["post-2324","page","type-page","status-publish","hentry"],"aioseo_notices":[],"_links":{"self":[{"href":"https:\/\/yoga-stile-im-vergleich.de\/sk\/wp-json\/wp\/v2\/pages\/2324","targetHints":{"allow":["GET"]}}],"collection":[{"href":"https:\/\/yoga-stile-im-vergleich.de\/sk\/wp-json\/wp\/v2\/pages"}],"about":[{"href":"https:\/\/yoga-stile-im-vergleich.de\/sk\/wp-json\/wp\/v2\/types\/page"}],"author":[{"embeddable":true,"href":"https:\/\/yoga-stile-im-vergleich.de\/sk\/wp-json\/wp\/v2\/users\/1"}],"replies":[{"embeddable":true,"href":"https:\/\/yoga-stile-im-vergleich.de\/sk\/wp-json\/wp\/v2\/comments?post=2324"}],"version-history":[{"count":1,"href":"https:\/\/yoga-stile-im-vergleich.de\/sk\/wp-json\/wp\/v2\/pages\/2324\/revisions"}],"predecessor-version":[{"id":2326,"href":"https:\/\/yoga-stile-im-vergleich.de\/sk\/wp-json\/wp\/v2\/pages\/2324\/revisions\/2326"}],"wp:attachment":[{"href":"https:\/\/yoga-stile-im-vergleich.de\/sk\/wp-json\/wp\/v2\/media?parent=2324"}],"curies":[{"name":"wp","href":"https:\/\/api.w.org\/{rel}","templated":true}]}}