{"id":2285,"date":"2018-05-03T13:20:54","date_gmt":"2018-05-03T11:20:54","guid":{"rendered":"https:\/\/yoga-stile-im-vergleich.de\/antropozofia-rudolf-steiner-a-joga\/"},"modified":"2025-11-20T14:38:05","modified_gmt":"2025-11-20T13:38:05","slug":"antropozofia-rudolf-steiner-a-joga","status":"publish","type":"page","link":"https:\/\/yoga-stile-im-vergleich.de\/sk\/antropozofia-rudolf-steiner-a-joga\/","title":{"rendered":"Antropozofia, Rudolf Steiner a joga"},"content":{"rendered":"\n<h2 class=\"wp-block-heading\" style=\"font-size:25px\">Rudolf Steiner a joga ?  <br\/>Antropozofia a jej vz\u0165ah k joge<\/h2>\n<div class=\"wp-block-image\">\n<figure class=\"alignleft size-full is-resized\"><img loading=\"lazy\" decoding=\"async\" width=\"480\" height=\"792\" src=\"https:\/\/yoga-stile-im-vergleich.de\/wp-content\/uploads\/2025\/10\/K640_Steiner_um_1905.jpg\" alt=\"\" class=\"wp-image-2579\" style=\"width:267px;height:auto\" srcset=\"https:\/\/yoga-stile-im-vergleich.de\/wp-content\/uploads\/2025\/10\/K640_Steiner_um_1905.jpg 480w, https:\/\/yoga-stile-im-vergleich.de\/wp-content\/uploads\/2025\/10\/K640_Steiner_um_1905-182x300.jpg 182w\" sizes=\"auto, (max-width: 480px) 100vw, 480px\" \/><\/figure>\n<\/div>\n<p><strong>Rudolf Steiner<\/strong> (1861 &#8211; 1924) bol \u010dlenom Teozofickej spolo\u010dnosti v jej prv\u00fdch rokoch; po jej rozdelen\u00ed zalo\u017eil dnes zn\u00e1mu Antropozofiu, ktorej bol s\u00e1m ved\u00facim. Sk\u00famal vz\u0165ahy v du\u0161n\u00fdch a duchovn\u00fdch svetoch v nev\u00eddanom rozsahu a v podrobnom opise. Bol zasv\u00e4tencom.  <\/p>\n\n<p>V s\u00favislosti s ot\u00e1zkou s\u00fa\u010dasn\u00e9ho duchovn\u00e9ho rozvoja \u010dloveka sk\u00famal filozofie jogy a dospel k z\u00e1veru, \u017ee tradi\u010dn\u00e1 filozofia jogy nie je vhodn\u00e1 pre modern\u00e9ho a z\u00e1padn\u00e9ho \u010dloveka, preto\u017ee ide o &#8222;spiato\u010dn\u00edcku&#8220; spiritualitu, ktor\u00e1 pod\u013ea neho nezodpoved\u00e1 potreb\u00e1m modern\u00e9ho a z\u00e1padn\u00e9ho \u010dloveka.<\/p>\n\n<p>Predniesol nieko\u013eko predn\u00e1\u0161ok o filozofii jogy a op\u00edsal napr\u00edklad syst\u00e9m \u010dakier u \u013eud\u00ed a praktick\u00e9 ment\u00e1lne cvi\u010denia, ako sa mo\u017eno do\u010d\u00edta\u0165 v knihe<a href=\"https:\/\/anthrowiki.at\/GA_10\">&#8222;Ako z\u00edska\u0165 poznanie vy\u0161\u0161\u00edch svetov&#8220;<\/a>. Celkovo v\u0161ak nebol predstavite\u013eom klasickej jogy. V roku 1919 predniesol predn\u00e1\u0161ku na t\u00e9mu &#8222;Nov\u00e1 v\u00f4\u013ea jogy&#8220;.<\/p>\n\n<h2 class=\"wp-block-heading\" style=\"font-size:25px\">&#8222;Star\u00e1 jogov\u00e1 kult\u00fara a nov\u00e1 jogov\u00e1 v\u00f4\u013ea&#8220;<\/h2>\n\n<p>V tejto ve\u013emi v\u00fdznamnej predn\u00e1\u0161ke objasnil v\u00fdvoj \u013eudsk\u00e9ho vedomia v priebehu nieko\u013ek\u00fdch tis\u00edcro\u010d\u00ed a op\u00edsal aj zmeny v \u013eudskej kon\u0161tit\u00facii. Pod\u013ea jeho n\u00e1zoru Kristova udalos\u0165 signalizovala zlom, ktor\u00fd sprev\u00e1dzala zmena ovzdu\u0161ia alebo atmosf\u00e9ry. V minulosti mali jog\u00edni st\u00e1le mo\u017enos\u0165 vdychova\u0165 bo\u017estvo prostredn\u00edctvom d\u00fdchania (odtia\u013e pramenila \u00fa\u010dinnos\u0165 pr\u00e1naj\u00e1my), ke\u010f\u017ee bo\u017estvo preb\u00fdvalo vo vzduchu. S Kristovou udalos\u0165ou to v\u0161ak u\u017e nebolo mo\u017en\u00e9 a odvtedy bol vzduch znesv\u00e4ten\u00fd a v duchovnosti sa zrodil nov\u00fd proces: Bod spojenia s duchovnos\u0165ou sa u\u017e nenach\u00e1dza vo <strong>vzduchu,<\/strong> ale vo <strong>svetle <\/strong>.   <\/p>\n\n<p>T\u00fato zmenu op\u00edsal ako prechod od takzvan\u00e9ho <strong>procesu vzdu\u0161nej du\u0161e k procesu svetelnej du\u0161e<\/strong>. \u010co by to mohlo znamena\u0165 a \u010do by to malo zmeni\u0165 pre jogov\u00fa prax &#8211; k tomu sa podrobnej\u0161ie dostaneme nesk\u00f4r v <a href=\"http:\/\/yoga-stile-im-vergleich.de\/der-neue-yogawille\/\">Novej jogovej v\u00f4li<\/a>. <\/p>\n\n<p>Na z\u00e1klade toho Rudolf Steiner sformuloval nov\u00fd pr\u00edstup k rozvoju vedomia, ktor\u00fd by mal by\u0165 orientovan\u00fd na bud\u00facnos\u0165, na rozdiel od jogy, ktor\u00e1 sa sna\u017e\u00ed o op\u00e4tovn\u00e9 spojenie s minul\u00fdm stavom vedomia. S &#8222;Novou v\u00f4\u013eou jogy&#8220; sformuloval jogu bud\u00facnosti a z\u00e1rove\u0148 pre \u0148u poskytol duchovno-vedeck\u00fd z\u00e1klad. Predn\u00e1\u0161ka je zaraden\u00e1 do bro\u017eovanej knihy <a href=\"https:\/\/www.geistesleben.de\/Wissenschaft-und-Lebenskunst\/Anthroposophie\/Wege-der-Uebung-oxid.html?listtype=search&amp;searchparam=wege%20der%20%C3%BCbung\">Wege der \u00dcbung<\/a>.  <\/p>\n\n<h2 class=\"wp-block-heading\" style=\"font-size:25px\">Stoto\u017e\u0148ovali sa so Steinerov\u00fdm n\u00e1zorom aj in\u00ed b\u00e1datelia?<\/h2>\n\n<p><strong>Otto Albrecht Isbert <\/strong>(1901 &#8211; 1986), etnol\u00f3g, podporoval stret\u00e1vanie a dial\u00f3g medzi v\u00fdskumn\u00edkmi jogy a praktizuj\u00facimi v\u00fdchodn\u00fdch a z\u00e1padn\u00fdch pr\u00edstupov k vedomiu na jogovej sc\u00e9ne v Eur\u00f3pe.<\/p>\n\n<p>Ke\u010f\u017ee mal vedomosti z antropozofie a poznal duchovno-vedeck\u00e9 pr\u00edstupy Rudolfa Steinera (jeho kritiku tradi\u010dnej indickej jogy, ako aj perspekt\u00edvy jogy pre z\u00e1padn\u00e9ho a bud\u00faceho \u010dloveka), mohol p\u00f4sobi\u0165 ako vynikaj\u00faci sprostredkovate\u013e a sprievodca. Nap\u00edsal nieko\u013eko vynikaj\u00facich kn\u00edh, ktor\u00e9 je pr\u00edjemn\u00e9 \u010d\u00edta\u0165 aj dnes, napr\u00edklad <a href=\"https:\/\/www.booklooker.de\/B%C3%BCcher\/Angebote\/autor=Otto-Albrecht+Isbert&amp;titel=Yoga+-+arbeit+am+selbst\">&#8222;Joga &#8211; pr\u00e1ca na sebe&#8220;<\/a>. Bol tie\u017e spoluzakladate\u013eom BDY, ale bohu\u017eia\u013e o \u0148om nebolo takmer po\u010du\u0165 a r\u00fdchlo sa na\u0148ho zabudlo.  <\/p>\n\n<p>Christian Fuchs sa vo svojej dizerta\u010dnej pr\u00e1ci &#8222;Recepcia jogy v Nemecku&#8220; z roku 1989 vyjadril takto: &#8222;O. A. Isbert, ktor\u00fd zomrel v roku 1986, chcel by\u0165 ch\u00e1pan\u00fd ako jednozna\u010dn\u00fd z\u00e1stanca \u00fazkeho <strong>spojenia medzi jogou a antropozofiou<\/strong>. V mnoh\u00fdch \u010dl\u00e1nkoch tento &#8222;star\u00fd antropozof&#8220; agitoval za porozumenie medzi t\u00fdmito dvoma syst\u00e9mami. Vo svojom poslednom \u010dl\u00e1nku na t\u00fato t\u00e9mu <strong><em>&#8222;Antropozofia a joga patria k sebe!&#8220;<\/em><\/strong> Isbert op\u00e4\u0165 vyjadril svoje skuto\u010dn\u00e9 sklamanie z odmietav\u00e9ho postoja mnoh\u00fdch antropozofov:    <em>Praktizuj\u00faci jogy&#8230; v\u017edy \u010delia hlavolamu, ke\u010f sa stret\u00e1vaj\u00fa s \u010dasto pov\u00fd\u0161eneck\u00fdm alebo aspo\u0148 hrub\u00fdm odmietan\u00edm na\u0161ej cesty praxe zo strany dne\u0161n\u00fdch antropozofov. Je skuto\u010dne zar\u00e1\u017eaj\u00face, ako v tejto my\u0161lienkovej \u0161kole, ktor\u00fa treba ur\u010dite bra\u0165 v\u00e1\u017ene, zjavne ch\u00fdba vzdelanie. Ve\u010f to, \u010do sa v s\u00fa\u010dasnosti p\u00ed\u0161e o joge z antropozofickej strany&#8230; je nielen chudobn\u00e9, ale aj nedostato\u010dn\u00e9 a nespr\u00e1vne, mo\u017eno dokonca poh\u0155dav\u00e9.  <\/em><\/p>\n\n<p>Pod\u013ea vlastn\u00e9ho priznania Isbert c\u00edtil, \u017ee jeho &#8222;misia&#8220; je &#8222;osamel\u00fdm volaj\u00facim na p\u00fa\u0161ti&#8220;. Ako s\u00e1m uviedol, vzdialenos\u0165 medzi antropozofmi a jogou je dnes neprehliadnute\u013en\u00e1&#8220;. <\/p>\n\n<p>\u017divotopis Otta Albrechta Isberta a jeho snahy o zbli\u017eovanie antropozofie a jogy n\u00e1jdete na <a href=\"https:\/\/www.aurorawiki.de\/wiki\/Otto_Albrecht_Isbert\" title=\"\"><strong>Aurora Wiki<\/strong><\/a>.<\/p>\n\n<p>\u010eal\u0161\u00edm v\u00fdskumn\u00edkom, ktor\u00fd zdie\u013ea tento pr\u00edstup, je <strong>Heinz Grill<\/strong> (nar. 1960). Za posledn\u00fdch 35 rokov vytvoril modern\u00fa cestu jogy a duchovn\u00e9ho vzdel\u00e1vania, ktor\u00e1 zdie\u013ea n\u00e1zor Rudolfa Steinera, \u017ee dnes potrebujeme slobodn\u00fa spiritualitu a nov\u00fa jogu, ktor\u00e1 sa pozer\u00e1 do bud\u00facnosti, a nie &#8222;dozadu&#8220; v zmysle op\u00e4tovn\u00e9ho spojenia s minulos\u0165ou. Viac pozornosti venuje aj procesom svetelnej du\u0161e (my\u0161lienkov\u00fdm a zmyslov\u00fdm \u010dinnostiam) ne\u017e procesom vzdu\u0161nej du\u0161e s ich energetiz\u00e1ciou prostredn\u00edctvom dychu.  <\/p>\n\n<p>Na rozdiel od Steinera Heinz Grill doplnil telesn\u00e9 cvi\u010denia a rozvinul ich vo svojom \u017eivotnom diele do takej miery, \u017ee sa u\u017e nestali prostriedkom na dosiahnutie cie\u013ea, ale estetick\u00fdm vyjadrovac\u00edm prostriedkom duchovn\u00fdch aktiv\u00edt. Podrobn\u00fd opis toho, ako to vyzer\u00e1, n\u00e1jdete v knihe <a href=\"http:\/\/yoga-stile-im-vergleich.de\/der-neue-yogawille\/\">Heinz Grill a Der Neue Yogawille<\/a>. <\/p>\n\n<p>Vytvoril tak synt\u00e9zu antropozofie a jogy. V\u00fdsledkom nebol nov\u00fd smer v joge (!), ale \u00faplne slobodn\u00fd pr\u00edstup, ktor\u00fd nie je zalo\u017een\u00fd na syst\u00e9me alebo smerovan\u00ed. <\/p>\n\n<p><a href=\"https:\/\/www.booklooker.de\/B%C3%BCcher\/Christoph-Lindenberg+Rudolf-Steiner\/isbn\/9783499505003\" title=\"\">Odpor\u00fa\u010danie kn\u00edh<\/a> o \u017eivote a diele Rudolfa Steinera (paperback)<br\/><a href=\"https:\/\/anthrowiki.at\/Hauptseite\" title=\"\">AnthroWiki <\/a>&#8211; Antropozofick\u00e1 Wikip\u00e9dia<br\/><a href=\"https:\/\/www.aurorawiki.de\/wiki\/Hauptseite\" title=\"\">AuroraWiki<\/a> &#8211; Sp\u00e1janie pr\u00edrodn\u00fdch a duchovn\u00fdch vied<br\/>Rudolf Steiner <a href=\"https:\/\/anthrowiki.at\/Rudolf_Steiner_Gesamtausgabe\" title=\"\">Complete Edition<\/a> &#8211; v\u0161etky diela dostupn\u00e9 online<\/p>\n\n<p><strong><a title=\"Modern&#xE9; &#x161;t&#xFD;ly jogy - vyroben&#xE9; v Amerike\" href=\"https:\/\/yoga-stile-im-vergleich.de\/sk\/moderne-styly-jogy-vyrobene-v-amerike\/\">Pokra\u010dova\u0165 na str\u00e1nku:<\/a> Joga &#8211; Made in America<\/strong><\/p>\n","protected":false},"excerpt":{"rendered":"<p>Rudolf Steiner a joga ? Antropozofia a jej vz\u0165ah k joge Rudolf Steiner (1861 &#8211; 1924) bol \u010dlenom Teozofickej spolo\u010dnosti v jej prv\u00fdch rokoch; po jej rozdelen\u00ed zalo\u017eil dnes zn\u00e1mu Antropozofiu, ktorej bol s\u00e1m ved\u00facim. Sk\u00famal vz\u0165ahy v du\u0161n\u00fdch a duchovn\u00fdch svetoch v nev\u00eddanom rozsahu a v podrobnom opise. Bol zasv\u00e4tencom. V s\u00favislosti s ot\u00e1zkou &hellip; <\/p>\n<p class=\"link-more\"><a href=\"https:\/\/yoga-stile-im-vergleich.de\/sk\/antropozofia-rudolf-steiner-a-joga\/\" class=\"more-link\">Pokra\u010dova\u0165 v \u010d\u00edtan\u00ed<span class=\"screen-reader-text\"> &#8222;Antropozofia, Rudolf Steiner a joga&#8220;<\/span><\/a><\/p>\n","protected":false},"author":1,"featured_media":0,"parent":0,"menu_order":0,"comment_status":"closed","ping_status":"closed","template":"","meta":{"footnotes":""},"class_list":["post-2285","page","type-page","status-publish","hentry"],"aioseo_notices":[],"_links":{"self":[{"href":"https:\/\/yoga-stile-im-vergleich.de\/sk\/wp-json\/wp\/v2\/pages\/2285","targetHints":{"allow":["GET"]}}],"collection":[{"href":"https:\/\/yoga-stile-im-vergleich.de\/sk\/wp-json\/wp\/v2\/pages"}],"about":[{"href":"https:\/\/yoga-stile-im-vergleich.de\/sk\/wp-json\/wp\/v2\/types\/page"}],"author":[{"embeddable":true,"href":"https:\/\/yoga-stile-im-vergleich.de\/sk\/wp-json\/wp\/v2\/users\/1"}],"replies":[{"embeddable":true,"href":"https:\/\/yoga-stile-im-vergleich.de\/sk\/wp-json\/wp\/v2\/comments?post=2285"}],"version-history":[{"count":7,"href":"https:\/\/yoga-stile-im-vergleich.de\/sk\/wp-json\/wp\/v2\/pages\/2285\/revisions"}],"predecessor-version":[{"id":2726,"href":"https:\/\/yoga-stile-im-vergleich.de\/sk\/wp-json\/wp\/v2\/pages\/2285\/revisions\/2726"}],"wp:attachment":[{"href":"https:\/\/yoga-stile-im-vergleich.de\/sk\/wp-json\/wp\/v2\/media?parent=2285"}],"curies":[{"name":"wp","href":"https:\/\/api.w.org\/{rel}","templated":true}]}}