{"id":2255,"date":"2018-03-15T15:39:05","date_gmt":"2018-03-15T14:39:05","guid":{"rendered":"https:\/\/yoga-stile-im-vergleich.de\/cvicenie-stylov-jogy\/"},"modified":"2025-04-30T11:34:35","modified_gmt":"2025-04-30T09:34:35","slug":"cvicenie-stylov-jogy","status":"publish","type":"page","link":"https:\/\/yoga-stile-im-vergleich.de\/sk\/cvicenie-stylov-jogy\/","title":{"rendered":"Cvi\u010denie \u0161t\u00fdlov jogy"},"content":{"rendered":"\n<p>Tu z\u00edskate \u00favodn\u00fd preh\u013ead o be\u017en\u00fdch \u0161t\u00fdloch jogy alebo druhoch jogy a ich praktizovan\u00ed.<\/p>\n\n<p>Od tradi\u010dn\u00fdch jogov\u00fdch l\u00edni\u00ed a\u017e po modern\u00fa jogu \u017eivotn\u00e9ho \u0161t\u00fdlu s\u00fa stru\u010dne a v\u00fdsti\u017ene op\u00edsan\u00e9 najd\u00f4le\u017eitej\u0161ie charakteristiky.<\/p>\n\n<p>Ke\u010f\u017ee v\u00e4\u010d\u0161ina \u0161t\u00fdlov vych\u00e1dza z klasickej indickej hatha jogy, ako aj z Iyengar jogy alebo a\u0161tanga jogy, pre lep\u0161iu orient\u00e1ciu uv\u00e1dzame t\u00fato s\u00favislos\u0165.<\/p>\n\n<p>Niektor\u00e9 \u0161t\u00fdly jogy v\u0161ak zast\u00e1vaj\u00fa aj \u00faplne nez\u00e1visl\u00fd postoj.<\/p>\n\n<p>Pokra\u010dovanie \u0161t\u00fdlu jogy: <a href=\"https:\/\/yoga-stile-im-vergleich.de\/sk\/anusara-joga\/\" title=\"Anusara joga\">Anusara joga<\/a><\/p>\n\n<p><\/p>\n","protected":false},"excerpt":{"rendered":"<p>Tu z\u00edskate \u00favodn\u00fd preh\u013ead o be\u017en\u00fdch \u0161t\u00fdloch jogy alebo druhoch jogy a ich praktizovan\u00ed. Od tradi\u010dn\u00fdch jogov\u00fdch l\u00edni\u00ed a\u017e po modern\u00fa jogu \u017eivotn\u00e9ho \u0161t\u00fdlu s\u00fa stru\u010dne a v\u00fdsti\u017ene op\u00edsan\u00e9 najd\u00f4le\u017eitej\u0161ie charakteristiky. Ke\u010f\u017ee v\u00e4\u010d\u0161ina \u0161t\u00fdlov vych\u00e1dza z klasickej indickej hatha jogy, ako aj z Iyengar jogy alebo a\u0161tanga jogy, pre lep\u0161iu orient\u00e1ciu uv\u00e1dzame t\u00fato s\u00favislos\u0165. Niektor\u00e9 &hellip; <\/p>\n<p class=\"link-more\"><a href=\"https:\/\/yoga-stile-im-vergleich.de\/sk\/cvicenie-stylov-jogy\/\" class=\"more-link\">Pokra\u010dova\u0165 v \u010d\u00edtan\u00ed<span class=\"screen-reader-text\"> &#8222;Cvi\u010denie \u0161t\u00fdlov jogy&#8220;<\/span><\/a><\/p>\n","protected":false},"author":1,"featured_media":0,"parent":0,"menu_order":0,"comment_status":"closed","ping_status":"closed","template":"","meta":{"footnotes":""},"class_list":["post-2255","page","type-page","status-publish","hentry"],"aioseo_notices":[],"_links":{"self":[{"href":"https:\/\/yoga-stile-im-vergleich.de\/sk\/wp-json\/wp\/v2\/pages\/2255","targetHints":{"allow":["GET"]}}],"collection":[{"href":"https:\/\/yoga-stile-im-vergleich.de\/sk\/wp-json\/wp\/v2\/pages"}],"about":[{"href":"https:\/\/yoga-stile-im-vergleich.de\/sk\/wp-json\/wp\/v2\/types\/page"}],"author":[{"embeddable":true,"href":"https:\/\/yoga-stile-im-vergleich.de\/sk\/wp-json\/wp\/v2\/users\/1"}],"replies":[{"embeddable":true,"href":"https:\/\/yoga-stile-im-vergleich.de\/sk\/wp-json\/wp\/v2\/comments?post=2255"}],"version-history":[{"count":1,"href":"https:\/\/yoga-stile-im-vergleich.de\/sk\/wp-json\/wp\/v2\/pages\/2255\/revisions"}],"predecessor-version":[{"id":2256,"href":"https:\/\/yoga-stile-im-vergleich.de\/sk\/wp-json\/wp\/v2\/pages\/2255\/revisions\/2256"}],"wp:attachment":[{"href":"https:\/\/yoga-stile-im-vergleich.de\/sk\/wp-json\/wp\/v2\/media?parent=2255"}],"curies":[{"name":"wp","href":"https:\/\/api.w.org\/{rel}","templated":true}]}}