{"id":2249,"date":"2018-04-24T06:56:59","date_gmt":"2018-04-24T04:56:59","guid":{"rendered":"https:\/\/yoga-stile-im-vergleich.de\/hatha-joga\/"},"modified":"2025-04-30T11:34:21","modified_gmt":"2025-04-30T09:34:21","slug":"hatha-joga","status":"publish","type":"page","link":"https:\/\/yoga-stile-im-vergleich.de\/sk\/hatha-joga\/","title":{"rendered":"Hatha joga"},"content":{"rendered":"\n<p>Hatha joga spo\u010diatku znamen\u00e1, \u017ee sa cvi\u010dia fyzick\u00e9 cvi\u010denia. Preto v\u0161etky \u0161t\u00fdly jogy, ktor\u00fdch stredobodom s\u00fa fyzick\u00e9 cvi\u010denia, mo\u017eno p\u00f4vodne ozna\u010di\u0165 ako hatha jogu. <\/p>\n\n<p>&#8222;Hatha&#8220; (sanskrt: sp\u00fata\u0165, sp\u00fata\u0165 alebo tie\u017e sila, h\u00fa\u017eevnatos\u0165, snaha) sa pova\u017euje za &#8222;cestu \u00fasilia alebo snahy&#8220; alebo sa ch\u00e1pe ako &#8222;telesn\u00e1 joga&#8220;.<\/p>\n\n<p>Hatha joga je tret\u00edm \u010dl\u00e1nkom osemstup\u0148ovej cesty rad\u017ea jogy (kr\u00e1\u013eovskej jogy) a v indickej filozofii sa praktizovala v spojen\u00ed s ostatn\u00fdmi siedmimi \u010dl\u00e1nkami. Od minul\u00e9ho storo\u010dia, najm\u00e4 na Z\u00e1pade, sa hatha joga zameriava na \u010disto fyzick\u00fd tr\u00e9ning. <\/p>\n\n<p>V \u010dasti <a href=\"http:\/\/yoga-stile-im-vergleich.de\/hatha-yoga-der-ursprung\/\">Hatha joga &#8211; p\u00f4vod<\/a> n\u00e1jdete opis tradi\u010dn\u00e9ho pozadia.<\/p>\n\n<h2 class=\"wp-block-heading has-medium-font-size\">Klasick\u00e1 hatha joga m\u00e1 tieto z\u00e1klady:<\/h2>\n\n<p>R\u00f4zne polohy tela (\u00e1sany) sa vykon\u00e1vaj\u00fa postupne za sebou. D\u00fdchanie je zvy\u010dajne spojen\u00e9 s pohybom. Po zaujat\u00ed kone\u010dnej polohy sa v nej kr\u00e1tko alebo dlh\u0161ie zotrv\u00e1. Medzi jednotliv\u00fdmi polohami s\u00fa kr\u00e1tke relaxa\u010dn\u00e9 f\u00e1zy.   <\/p>\n\n<p>M\u00f4\u017eu sa prida\u0165 dychov\u00e9 cvi\u010denia (pr\u00e1naj\u00e1ma), ktor\u00e9 sa zvy\u010dajne cvi\u010dia pred za\u010diatkom s\u00e9rie \u00e1san. Hodina sa \u010dasto kon\u010d\u00ed medit\u00e1ciou alebo sa na za\u010diatku a na konci spievaj\u00fa mantry. Ak s\u00fa zahrnut\u00e9 v\u0161etky prvky, cvi\u010denie sa \u010dasto ozna\u010duje ako integr\u00e1lna hatha joga.  <\/p>\n\n<p>Tu je poh\u013ead na klasick\u00fa hatha jogov\u00fa prax, ktor\u00fa vedie <a href=\"http:\/\/www.ishafoundation.org\/?global\">Sadhguru<\/a>:<\/p>\n\n<figure class=\"wp-block-embed is-type-video is-provider-youtube wp-block-embed-youtube wp-embed-aspect-4-3 wp-has-aspect-ratio\"><div class=\"wp-block-embed__wrapper\">\n<iframe loading=\"lazy\" title=\"HATHA YOGA LEVEL 1\" width=\"525\" height=\"394\" src=\"https:\/\/www.youtube.com\/embed\/6pfzj96VVVM?feature=oembed\" frameborder=\"0\" allow=\"accelerometer; autoplay; clipboard-write; encrypted-media; gyroscope; picture-in-picture; web-share\" referrerpolicy=\"strict-origin-when-cross-origin\" allowfullscreen><\/iframe>\n<\/div><\/figure>\n\n<p>Jednou zo \u0161k\u00f4l, kde sa ve\u013emi v\u00e1\u017ene praktizuj\u00fa klasick\u00e9 jogov\u00e9 smery, je <a href=\"https:\/\/yoga-university.ch\/\">Univerzita jogy vo Villerete<\/a> pod veden\u00edm Reto Zbindena, ktor\u00e1 je z\u00e1rove\u0148 s\u00eddlom \u0160vaj\u010diarskej asoci\u00e1cie jogy. Praktizuj\u00fa sa tu r\u00f4zne \u0161t\u00fdly so zameran\u00edm na Selvarajana Jesudiana, Sri Satchitanandu Yogiho a Theosa Bernarda. <\/p>\n\n<p>Niektor\u00e9 \u010dl\u00e1nky na tejto str\u00e1nke &#8222;Porovnanie \u0161t\u00fdlov jogy&#8220; s\u00fa v\u00fdsledkom podrobn\u00fdch \u0161t\u00fadi\u00ed Reto Zbindena. Za to mu patr\u00ed ve\u013ek\u00e1 v\u010faka! <\/p>\n\n<p>Pokra\u010dujte na \u010fal\u0161\u00ed \u0161t\u00fdl jogy: <a href=\"https:\/\/yoga-stile-im-vergleich.de\/bikram-yoga\/\">Hot- &amp; Bikramyoga<\/a><\/p>\n\n<p><\/p>\n","protected":false},"excerpt":{"rendered":"<p>Hatha joga spo\u010diatku znamen\u00e1, \u017ee sa cvi\u010dia fyzick\u00e9 cvi\u010denia. Preto v\u0161etky \u0161t\u00fdly jogy, ktor\u00fdch stredobodom s\u00fa fyzick\u00e9 cvi\u010denia, mo\u017eno p\u00f4vodne ozna\u010di\u0165 ako hatha jogu. &#8222;Hatha&#8220; (sanskrt: sp\u00fata\u0165, sp\u00fata\u0165 alebo tie\u017e sila, h\u00fa\u017eevnatos\u0165, snaha) sa pova\u017euje za &#8222;cestu \u00fasilia alebo snahy&#8220; alebo sa ch\u00e1pe ako &#8222;telesn\u00e1 joga&#8220;. Hatha joga je tret\u00edm \u010dl\u00e1nkom osemstup\u0148ovej cesty rad\u017ea jogy &hellip; <\/p>\n<p class=\"link-more\"><a href=\"https:\/\/yoga-stile-im-vergleich.de\/sk\/hatha-joga\/\" class=\"more-link\">Pokra\u010dova\u0165 v \u010d\u00edtan\u00ed<span class=\"screen-reader-text\"> &#8222;Hatha joga&#8220;<\/span><\/a><\/p>\n","protected":false},"author":1,"featured_media":0,"parent":0,"menu_order":0,"comment_status":"closed","ping_status":"closed","template":"","meta":{"footnotes":""},"class_list":["post-2249","page","type-page","status-publish","hentry"],"aioseo_notices":[],"_links":{"self":[{"href":"https:\/\/yoga-stile-im-vergleich.de\/sk\/wp-json\/wp\/v2\/pages\/2249","targetHints":{"allow":["GET"]}}],"collection":[{"href":"https:\/\/yoga-stile-im-vergleich.de\/sk\/wp-json\/wp\/v2\/pages"}],"about":[{"href":"https:\/\/yoga-stile-im-vergleich.de\/sk\/wp-json\/wp\/v2\/types\/page"}],"author":[{"embeddable":true,"href":"https:\/\/yoga-stile-im-vergleich.de\/sk\/wp-json\/wp\/v2\/users\/1"}],"replies":[{"embeddable":true,"href":"https:\/\/yoga-stile-im-vergleich.de\/sk\/wp-json\/wp\/v2\/comments?post=2249"}],"version-history":[{"count":1,"href":"https:\/\/yoga-stile-im-vergleich.de\/sk\/wp-json\/wp\/v2\/pages\/2249\/revisions"}],"predecessor-version":[{"id":2250,"href":"https:\/\/yoga-stile-im-vergleich.de\/sk\/wp-json\/wp\/v2\/pages\/2249\/revisions\/2250"}],"wp:attachment":[{"href":"https:\/\/yoga-stile-im-vergleich.de\/sk\/wp-json\/wp\/v2\/media?parent=2249"}],"curies":[{"name":"wp","href":"https:\/\/api.w.org\/{rel}","templated":true}]}}