{"id":2243,"date":"2018-05-03T10:29:10","date_gmt":"2018-05-03T08:29:10","guid":{"rendered":"https:\/\/yoga-stile-im-vergleich.de\/pozadie-stylov-jogy\/"},"modified":"2025-04-30T11:34:21","modified_gmt":"2025-04-30T09:34:21","slug":"pozadie-stylov-jogy","status":"publish","type":"page","link":"https:\/\/yoga-stile-im-vergleich.de\/sk\/pozadie-stylov-jogy\/","title":{"rendered":"Pozadie \u0161t\u00fdlov jogy"},"content":{"rendered":"\n<p>Tu n\u00e1jdete komplexn\u00e9 z\u00e1kladn\u00e9 inform\u00e1cie.<\/p>\n\n<p>Od po\u010diatkov jogy v Indii cez jej celosvetov\u00fd rozvoj v minulom storo\u010d\u00ed a\u017e po dne\u0161n\u00e9 pr\u00edstupy na Z\u00e1pade.<\/p>\n\n<p><a href=\"https:\/\/yoga-stile-im-vergleich.de\/hatha-yoga-der-ursprung\/\">Pokra\u010dova\u0165 na str\u00e1nku:<\/a> Hatha joga &#8211; p\u00f4vod<\/p>\n\n<p><\/p>\n","protected":false},"excerpt":{"rendered":"<p>Tu n\u00e1jdete komplexn\u00e9 z\u00e1kladn\u00e9 inform\u00e1cie. Od po\u010diatkov jogy v Indii cez jej celosvetov\u00fd rozvoj v minulom storo\u010d\u00ed a\u017e po dne\u0161n\u00e9 pr\u00edstupy na Z\u00e1pade. Pokra\u010dova\u0165 na str\u00e1nku: Hatha joga &#8211; p\u00f4vod<\/p>\n","protected":false},"author":1,"featured_media":0,"parent":0,"menu_order":0,"comment_status":"closed","ping_status":"closed","template":"","meta":{"footnotes":""},"class_list":["post-2243","page","type-page","status-publish","hentry"],"aioseo_notices":[],"_links":{"self":[{"href":"https:\/\/yoga-stile-im-vergleich.de\/sk\/wp-json\/wp\/v2\/pages\/2243","targetHints":{"allow":["GET"]}}],"collection":[{"href":"https:\/\/yoga-stile-im-vergleich.de\/sk\/wp-json\/wp\/v2\/pages"}],"about":[{"href":"https:\/\/yoga-stile-im-vergleich.de\/sk\/wp-json\/wp\/v2\/types\/page"}],"author":[{"embeddable":true,"href":"https:\/\/yoga-stile-im-vergleich.de\/sk\/wp-json\/wp\/v2\/users\/1"}],"replies":[{"embeddable":true,"href":"https:\/\/yoga-stile-im-vergleich.de\/sk\/wp-json\/wp\/v2\/comments?post=2243"}],"version-history":[{"count":1,"href":"https:\/\/yoga-stile-im-vergleich.de\/sk\/wp-json\/wp\/v2\/pages\/2243\/revisions"}],"predecessor-version":[{"id":2244,"href":"https:\/\/yoga-stile-im-vergleich.de\/sk\/wp-json\/wp\/v2\/pages\/2243\/revisions\/2244"}],"wp:attachment":[{"href":"https:\/\/yoga-stile-im-vergleich.de\/sk\/wp-json\/wp\/v2\/media?parent=2243"}],"curies":[{"name":"wp","href":"https:\/\/api.w.org\/{rel}","templated":true}]}}