{"id":2220,"date":"2018-03-15T15:30:57","date_gmt":"2018-03-15T14:30:57","guid":{"rendered":"https:\/\/yoga-stile-im-vergleich.de\/vitajte-na-nasej-webovej-stranke\/"},"modified":"2025-04-30T11:33:32","modified_gmt":"2025-04-30T09:33:32","slug":"vitajte-na-nasej-webovej-stranke","status":"publish","type":"page","link":"https:\/\/yoga-stile-im-vergleich.de\/sk\/","title":{"rendered":"Vitajte na na\u0161ej webovej str\u00e1nke!"},"content":{"rendered":"\n<p>T\u00e1to str\u00e1nka &#8222;Porovnanie \u0161t\u00fdlov jogy&#8220; opisuje \u0161t\u00fdly jogy, v ktor\u00fdch sa cvi\u010dia fyzick\u00e9 cvi\u010denia, ktor\u00e9 sa v\u0161eobecne ch\u00e1pu pod pojmom &#8222;hatha joga&#8220;.<\/p>\n\n<p>Ke\u010f\u017ee v\u0161etky tieto r\u00f4zne pr\u00edstupy vznikali v r\u00f4znych obdobiach a sociokult\u00farnych kontextoch a dodnes existuj\u00fa v obrovskej rozmanitosti, je zauj\u00edmav\u00e9 sa s nimi bli\u017e\u0161ie zozn\u00e1mi\u0165. Praktizuj\u00fa sa vo ve\u013emi odli\u0161n\u00fdch fyzick\u00fdch pr\u00edstupoch &#8211; s duchovn\u00fdm z\u00e1merom a filozofick\u00fdm pozad\u00edm alebo bez neho &#8211; a s najr\u00f4znej\u0161\u00edmi mot\u00edvmi. Pre praktizuj\u00facich, ale aj pre u\u010dite\u013eov jogy nie je \u013eahk\u00e9 sa v tejto rozmanitosti orientova\u0165.  <\/p>\n\n<p>Z tohto d\u00f4vodu sme pre v\u00e1s pripravili preh\u013eadn\u00fd v\u00fdber <a href=\"http:\/\/yoga-stile-im-vergleich.de\/yogastile-einfach-erklart\/\">\u0161t\u00fdlov,<\/a> aby ste si mohli urobi\u0165 prv\u00fd dojem. Okrem toho sa v\u0161etk\u00fdm, ktor\u00ed maj\u00fa z\u00e1ujem o podrobnej\u0161\u00ed n\u00e1h\u013ead do kontextu jogy, poskytne. Ten n\u00e1jdete v \u010dasti <a href=\"http:\/\/yoga-stile-im-vergleich.de\/yogastile-hintergrunde\/\">Pozadie \u0161t\u00fdlov jogy<\/a>.  <\/p>\n","protected":false},"excerpt":{"rendered":"<p>T\u00e1to str\u00e1nka &#8222;Porovnanie \u0161t\u00fdlov jogy&#8220; opisuje \u0161t\u00fdly jogy, v ktor\u00fdch sa cvi\u010dia fyzick\u00e9 cvi\u010denia, ktor\u00e9 sa v\u0161eobecne ch\u00e1pu pod pojmom &#8222;hatha joga&#8220;. Ke\u010f\u017ee v\u0161etky tieto r\u00f4zne pr\u00edstupy vznikali v r\u00f4znych obdobiach a sociokult\u00farnych kontextoch a dodnes existuj\u00fa v obrovskej rozmanitosti, je zauj\u00edmav\u00e9 sa s nimi bli\u017e\u0161ie zozn\u00e1mi\u0165. Praktizuj\u00fa sa vo ve\u013emi odli\u0161n\u00fdch fyzick\u00fdch pr\u00edstupoch &#8211; &hellip; <\/p>\n<p class=\"link-more\"><a href=\"https:\/\/yoga-stile-im-vergleich.de\/sk\/\" class=\"more-link\">Pokra\u010dova\u0165 v \u010d\u00edtan\u00ed<span class=\"screen-reader-text\"> &#8222;Vitajte na na\u0161ej webovej str\u00e1nke!&#8220;<\/span><\/a><\/p>\n","protected":false},"author":1,"featured_media":0,"parent":0,"menu_order":0,"comment_status":"closed","ping_status":"closed","template":"","meta":{"footnotes":""},"class_list":["post-2220","page","type-page","status-publish","hentry"],"aioseo_notices":[],"_links":{"self":[{"href":"https:\/\/yoga-stile-im-vergleich.de\/sk\/wp-json\/wp\/v2\/pages\/2220","targetHints":{"allow":["GET"]}}],"collection":[{"href":"https:\/\/yoga-stile-im-vergleich.de\/sk\/wp-json\/wp\/v2\/pages"}],"about":[{"href":"https:\/\/yoga-stile-im-vergleich.de\/sk\/wp-json\/wp\/v2\/types\/page"}],"author":[{"embeddable":true,"href":"https:\/\/yoga-stile-im-vergleich.de\/sk\/wp-json\/wp\/v2\/users\/1"}],"replies":[{"embeddable":true,"href":"https:\/\/yoga-stile-im-vergleich.de\/sk\/wp-json\/wp\/v2\/comments?post=2220"}],"version-history":[{"count":1,"href":"https:\/\/yoga-stile-im-vergleich.de\/sk\/wp-json\/wp\/v2\/pages\/2220\/revisions"}],"predecessor-version":[{"id":2222,"href":"https:\/\/yoga-stile-im-vergleich.de\/sk\/wp-json\/wp\/v2\/pages\/2220\/revisions\/2222"}],"wp:attachment":[{"href":"https:\/\/yoga-stile-im-vergleich.de\/sk\/wp-json\/wp\/v2\/media?parent=2220"}],"curies":[{"name":"wp","href":"https:\/\/api.w.org\/{rel}","templated":true}]}}