{"id":2453,"date":"2018-06-20T09:49:02","date_gmt":"2018-06-20T07:49:02","guid":{"rendered":"https:\/\/yoga-stile-im-vergleich.de\/hatha-yoga-le-origini\/"},"modified":"2026-03-24T13:53:08","modified_gmt":"2026-03-24T12:53:08","slug":"hatha-yoga-le-origini","status":"publish","type":"page","link":"https:\/\/yoga-stile-im-vergleich.de\/it\/hatha-yoga-le-origini\/","title":{"rendered":"Hatha Yoga &#8211; Le origini"},"content":{"rendered":"\n<p>&#8220;Lo yoga ha migliaia di anni&#8221; &#8230;. \u00c8 davvero cos\u00ec?<\/p>\n\n<p>Una breve panoramica delle tre principali scritture storiche a cui fanno riferimento i praticanti di yoga: Bhagavad Gita, Yoga Sutra di Patanjali e Hathayogapradipika.<\/p>\n<div class=\"wp-block-image\">\n<figure class=\"aligncenter\"><img loading=\"lazy\" decoding=\"async\" width=\"453\" height=\"539\" src=\"http:\/\/yoga-stile-im-vergleich.de\/wp-content\/uploads\/2018\/10\/Zeitparabel-1.png\" alt=\"\" class=\"wp-image-897\" srcset=\"https:\/\/yoga-stile-im-vergleich.de\/wp-content\/uploads\/2018\/10\/Zeitparabel-1.png 453w, https:\/\/yoga-stile-im-vergleich.de\/wp-content\/uploads\/2018\/10\/Zeitparabel-1-252x300.png 252w\" sizes=\"auto, (max-width: 453px) 100vw, 453px\" \/><\/figure>\n<\/div>\n<h2 class=\"wp-block-heading\" style=\"font-size:25px\">Bhagavad Gita<\/h2>\n\n<p>Nel 3000 a.C., i Veda sono nati con la <a href=\"https:\/\/www.thalia.de\/shop\/home\/artikeldetails\/A1037028073\">Bhagavad Gita<\/a>. Contiene i tre grandi sentieri dello yoga: <strong>jnanayoga<\/strong>, <strong>bhaktiyoga<\/strong> e <strong>karmayoga<\/strong>. Si tratta dello yoga della realizzazione, della devozione e del servizio disinteressato agli altri.  <\/p>\n\n<p>Nel contesto di una guerra tra due trib\u00f9, questo \u00e8 un insegnamento di Krishna ad Arjuna. Tuttavia, non si tratta di una battaglia terrena, ma della realizzazione delle leggi spirituali e mentali che Arjuna riceve in un insegnamento. Non c&#8217;\u00e8 alcun riferimento all&#8217;hatha yoga.  <\/p>\n\n<h2 class=\"wp-block-heading\" style=\"font-size:25px\">I sutra dello yoga di Patanjali<\/h2>\n\n<p>I sutra dello yoga di Patanjali sono riportati nel periodo 200 prima o 200 dopo Cristo, anche in un riassunto della saggezza che era stata precedentemente tramandata oralmente.<\/p>\n\n<p>&#8220;Sutra&#8221; significa un documento simile a una nota e note nel senso di brevi mnemoniche. A causa della formulazione molto concisa, sono stati interpretati da autori famosi, ognuno dei quali ha naturalmente portato un punto di vista diverso. Tuttavia, i sutra dello yoga sono considerati da molti praticanti di tutti gli stili come la base essenziale, in quanto sono i primi a descrivere il <strong>raja yoga, il <\/strong>sentiero reale dello yoga. \u00c8 il quarto sentiero importante rispetto ai tre sentieri della Bhagavad Gita ed \u00e8 anche conosciuto<strong> come<\/strong> il <strong>sentiero degli otto passi<\/strong>,<strong> Ashtangayoga<\/strong>. Vorrei approfondire questo aspetto, perch\u00e9 \u00e8 la prima volta che lo hathayoga viene menzionato come un&#8217;area separata.    <\/p>\n\n<p>Gli 8 stadi sono illustrati nel seguente diagramma. Devono essere praticati uno dopo l&#8217;altro, in modo che abbia senso progredire solo una volta perfezionato uno stadio. 3. Lo stadio \u00e8 la prima volta che l&#8217;asana appare, inizialmente solo come posizione seduta. <\/p>\n\n<ol class=\"wp-block-list\">\n<li>Gli <strong>yama<\/strong> sono &#8220;astinenze&#8221; che regolano il modo in cui ci rapportiamo con l&#8217;ambiente: Non ferire, veridicit\u00e0, non rubare, brahmacharya = astinenza sessuale, non accettare doni.<\/li>\n\n\n\n<li>I <strong>Niyama<\/strong> sono regole di comportamento o discipline personali: purezza, contentezza, ascetismo, studio di s\u00e9, adorazione del divino.<\/li>\n\n\n\n<li>Il terzo stadio \u00e8 quello delle <strong>asana<\/strong>, le posizioni immobili comunemente note come hathayoga. La posizione pi\u00f9 importante \u00e8 quella seduta, la posizione del loto, necessaria anche per altre pratiche come il pranayama e la meditazione. Tuttavia, qui non vengono descritte nel dettaglio, n\u00e9 ci sono disegni delle posture. Nei sutra di Patanjali ci sono solo <strong>due o tre frasi che si riferiscono agli esercizi fisici ed esclusivamente alla posizione seduta<\/strong>, che serve come base per gli esercizi di respirazione pranayama e per la concentrazione e la meditazione: la prima frase recita: <em>Sthira-sukham asanam<\/em>. Significa:<strong>&#8220;La postura seduta \u00e8 quella che \u00e8 salda e confortevole<\/strong>&#8221; Poi: <em>Tato dvamdvanabhighatah<\/em>.<strong>&#8220;Una volta raggiunta la posizione seduta, le dualit\u00e0 non ostacolano pi\u00f9<\/strong>&#8220;.     <\/li>\n\n\n\n<li>Segue il <strong>pranayama<\/strong>, gli esercizi di respirazione guidata che erano molto importanti per lo yogin e con i quali era in grado di trasportarsi in stati alterati di coscienza.<\/li>\n\n\n\n<li><strong>Pratyahara<\/strong> significa ritiro dei sensi. L&#8217;attivit\u00e0 sensoriale, ad esempio nella zona del viso con la vista, l&#8217;udito, l&#8217;olfatto e il gusto, \u00e8 considerata una porta d&#8217;accesso al mondo che, secondo la filosofia yoga, causa attaccamento al mondo. Per questo motivo \u00e8 necessario ritirarle. L&#8217;immagine mostra un esempio di esercizio che ha lo scopo di bloccare i sensi nella loro attivit\u00e0 di sfogo.   <\/li>\n\n\n\n<li><strong>Dharana <\/strong>= concentrazione<\/li>\n\n\n\n<li><strong>Dhyana <\/strong>= mediazione, contemplazione<\/li>\n\n\n\n<li><strong>Samadhi<\/strong> = supercoscienza, illuminazione<\/li>\n<\/ol>\n\n<p>L&#8217;esecuzione combinata e simultanea degli ultimi tre stadi \u00e8 chiamata Samyama e, insieme a Prathyahara, rappresenta il percorso interiore, mentre i primi stadi hanno lo scopo di creare le condizioni esterne per questo.<\/p>\n\n<p>Il <strong>Rajayoga<\/strong> \u00e8 orientato alla formazione del carattere ed \u00e8 strutturato come una scala che porta dal basso verso l&#8217;alto in otto gradini fino alla massima perfezione e all&#8217;obiettivo di &#8220;diventare uno con il divino&#8221;, il samadhi, l&#8217;illuminazione. Ogni gradino deve essere maturato fino alla perfezione prima di salire il successivo. <\/p>\n\n<h2 class=\"wp-block-heading\" style=\"font-size:25px\">Hathayogapradipika<\/h2>\n\n<p>L&#8217;<strong>Hathayogapradipika, <\/strong> <span style=\"color: #000000;\">tradotto dal sanscrito da Svatmarama<\/span>, apparve intorno al 1500.<\/p>\n\n<p>Il libro \u00e8 in realt\u00e0 abbastanza facile da leggere e da capire. Il Rajayoga viene descritto in modo molto pi\u00f9 dettagliato e ora diventa interessante per noi perch\u00e9 alcuni termini e modalit\u00e0 di azione relativi alla pratica delle asana vengono spiegati in termini concreti: <\/p>\n\n<p>Ad esempio, vengono nominati e descritti i <strong>7 chakra <\/strong>, le <strong>nadi<\/strong> (canali sottili: sushumna, ida, pingala), poi la <strong>kundalini <\/strong>e le modalit\u00e0 di azione del prana. Seguono le <strong>tecniche di pranayama <\/strong>con le cosiddette bandhas, importantissime per gli yogi per <strong>dirigere e raccogliere<\/strong> l&#8217;<strong>energia pranica<\/strong>. Anche gli <strong>esercizi di pulizia<\/strong> sono descritti in dettaglio, cos\u00ec come le <strong>linee guida per l&#8217;alimentazione<\/strong>.  <\/p>\n\n<p>Il capitolo:<strong>&#8220;Le regole dell&#8217;asana<\/strong>&#8221; inizia con il culto del dio Siva, attraverso il quale sono stati proclamati gli insegnamenti dello hathayoga. Segue un lungo elenco di tutti gli yogi illuminati dallo hathayoga e una descrizione delle condizioni della cella in cui lo yogi dovrebbe praticare. <\/p>\n\n<p>Potresti aspettarti esercizi di yoga gi\u00e0 noti nei corsi di yoga di oggi, ma gli esercizi di yoga classico sono un po&#8217; diversi da quelli praticati oggi e in Occidente.<\/p>\n\n<p>In primo luogo, vengono descritte le posizioni sedute, che sono numerose: Svastika, Gomukha, Virasana, Kurmasana. Le posizioni sedute erano molto importanti per lo yogi dell&#8217;epoca, poich\u00e9 servivano come base per la meditazione e il pranayama. <\/p>\n\n<p>Poi Kukkutasana, Uttanakurmasana e Dhanurasana (non l&#8217;arco che conosciamo oggi) e Matsyanathasana (= posizione di torsione).<\/p>\n\n<p>Citer\u00f2 la Pascimatana<strong> <\/strong>(= posizione della testa inginocchiata) in modo pi\u00f9 dettagliato, cos\u00ec che chiunque sia interessato possa farsi un&#8217;idea di come sono queste descrizioni:<\/p>\n\n<p><em>&#8221; 28. se si stendono i piedi come bastoni sul terreno, si afferrano le due punte dei piedi con le mani e si appoggia la fronte sulle ginocchia (in questa posizione), si chiama Pascimatana&#8221;.<\/em><\/p>\n\n<p><em>&#8221; 29 Questa Pascimatana, che \u00e8 eccezionale tra le Asana, fa passare il respiro attraverso Pascima, favorisce la digestione e produce magrezza dell&#8217;addome e salute nelle persone&#8221;.<\/em><\/p>\n\n<p>Seguono Mayurasana (= una specie di &#8220;pesce&#8221;) e Savasana, la posizione di rilassamento, poi Siddhasana, Padmasana, Simhasana e Bhandrasana.<\/p>\n\n<h2 class=\"wp-block-heading\" style=\"font-size:25px\"><a name=\"_edn3\" href=\"#_ednref3\"><\/a>Lo yoga ha ormai migliaia di anni?<\/h2>\n\n<p>Questo pu\u00f2 essere affermato se lo si considera nella sua filosofia dei percorsi spirituali dello yoga. Tuttavia, se lo si considera puramente in termini di pratica di esercizio fisico, come \u00e8 comune oggi, non \u00e8 cos\u00ec. <\/p>\n\n<p>Nel Medioevo  <span style=\"color: #000000;\">Svatmarama ha descritto le asana sopra citate solo nello Hatha Yoga Pradipika. All&#8217;epoca erano praticate solo da singoli e nel contesto della filosofia come percorso di formazione spirituale e non erano <strong>affatto diffuse tra la popolazione<\/strong>. Esistono anche altre fonti originali dello yoga che affondano le loro radici nell&#8217;Induismo e nel Buddismo. Essendo meno conosciute, sono anche meno riconosciute dal grande pubblico.   <\/span><\/p>\n\n<p><span style=\"color: #000000;\">Oggi l&#8217;hatha yoga \u00e8 socialmente accettato e diffuso sia in Oriente che in Occidente e pu\u00f2 essere visto in molte forme diverse. Tuttavia, questo sviluppo \u00e8 iniziato in India solo intorno al 1900, come vedremo nei prossimi articoli. <\/span><\/p>\n\n<h2 class=\"wp-block-heading\" style=\"font-size:25px\"><span style=\"color: #000000;\">Stato d&#8217;animo indiano<\/span><\/h2>\n\n<p><span style=\"color: #000000;\">Oggi guardiamo a questa antica saggezza con la nostra attuale coscienza e comprensione occidentale. Ma come possiamo comprenderla davvero? Come possiamo comprendere lo stato d&#8217;animo indiano e la filosofia sviluppata da esso, che \u00e8 cos\u00ec completamente diversa da quella che possiamo immaginare?  <\/span><\/p>\n\n<p><span style=\"color: #000000;\">Per la coscienza indiana, ad esempio, la vita dopo la morte \u00e8 una parte naturale dell&#8217;esistenza. A tal punto che le veniva attribuita maggiore importanza rispetto alla vita materiale presente e tangibile. Si potrebbe anche dire cos\u00ec: <strong>Non per la vita presente si deve prendere molto per s\u00e9, ma per l&#8217;aldil\u00e0 si deve dare molto<\/strong>&#8230; Affronteremo questo complesso di questioni in dettaglio nella nostra rivista\/blog   <\/span><\/p>\n\n<p>Un libro altamente raccomandato sulla storia millenaria dello yoga con le sue varie correnti di buddismo, filosofia Vedanta e Samkhya, insegnamenti Tantra e chakra e il confronto tra modi di pensare orientali e occidentali \u00e8 scritto da Helmtrud Wieland, allievo di Boris Saccharow, e si intitola: <a style=\"box-shadow: rgba(0, 0, 0, 0) 0px 0px 0px inset, #000000 0px 3px 0px; color: #000000;\" href=\"https:\/\/yogakosmos.de\/produkt\/das-spektrum-des-yoga-von-helmtrud-wieland\/\">Lo spettro dello yoga<\/a>.<\/p>\n\n<p>Un altro libro altamente consigliato per comprendere i contenuti della Bhagavad Gita \u00e8 il libro <a href=\"https:\/\/stw-verlag.de\/produkte\/erkenntnisgrundlagen-zur-bhagavad-gita-neuerscheinung\/\">Erkenntnisgrundlagen zur Bhagavad Gita<\/a> di Heinz Grill.<\/p>\n\n<p><strong><a href=\"https:\/\/yoga-stile-im-vergleich.de\/it\/pioniere-dello-yoga-moderno-in-india\/\" title=\"Pioniere dello yoga moderno in India\">Vai alla pagina: <\/a><\/strong>I pionieri dello yoga moderno in India<\/p>\n\n<p><\/p>\n","protected":false},"excerpt":{"rendered":"<p>&#8220;Lo yoga ha migliaia di anni&#8221; &#8230;. \u00c8 davvero cos\u00ec? Una breve panoramica delle tre principali scritture storiche a cui fanno riferimento i praticanti di yoga: Bhagavad Gita, Yoga Sutra di Patanjali e Hathayogapradipika. Bhagavad Gita Nel 3000 a.C., i Veda sono nati con la Bhagavad Gita. Contiene i tre grandi sentieri dello yoga: jnanayoga, &hellip; <\/p>\n<p class=\"link-more\"><a href=\"https:\/\/yoga-stile-im-vergleich.de\/it\/hatha-yoga-le-origini\/\" class=\"more-link\">Leggi tutto<span class=\"screen-reader-text\"> &#8220;Hatha Yoga &#8211; Le origini&#8221;<\/span><\/a><\/p>\n","protected":false},"author":1,"featured_media":0,"parent":0,"menu_order":0,"comment_status":"closed","ping_status":"closed","template":"","meta":{"footnotes":""},"class_list":["post-2453","page","type-page","status-publish","hentry"],"aioseo_notices":[],"_links":{"self":[{"href":"https:\/\/yoga-stile-im-vergleich.de\/it\/wp-json\/wp\/v2\/pages\/2453","targetHints":{"allow":["GET"]}}],"collection":[{"href":"https:\/\/yoga-stile-im-vergleich.de\/it\/wp-json\/wp\/v2\/pages"}],"about":[{"href":"https:\/\/yoga-stile-im-vergleich.de\/it\/wp-json\/wp\/v2\/types\/page"}],"author":[{"embeddable":true,"href":"https:\/\/yoga-stile-im-vergleich.de\/it\/wp-json\/wp\/v2\/users\/1"}],"replies":[{"embeddable":true,"href":"https:\/\/yoga-stile-im-vergleich.de\/it\/wp-json\/wp\/v2\/comments?post=2453"}],"version-history":[{"count":2,"href":"https:\/\/yoga-stile-im-vergleich.de\/it\/wp-json\/wp\/v2\/pages\/2453\/revisions"}],"predecessor-version":[{"id":3030,"href":"https:\/\/yoga-stile-im-vergleich.de\/it\/wp-json\/wp\/v2\/pages\/2453\/revisions\/3030"}],"wp:attachment":[{"href":"https:\/\/yoga-stile-im-vergleich.de\/it\/wp-json\/wp\/v2\/media?parent=2453"}],"curies":[{"name":"wp","href":"https:\/\/api.w.org\/{rel}","templated":true}]}}