{"id":2400,"date":"2019-11-02T13:18:43","date_gmt":"2019-11-02T12:18:43","guid":{"rendered":"https:\/\/yoga-stile-im-vergleich.de\/benvenuto-nel-nostro-sito-web\/2400-2\/"},"modified":"2025-04-30T11:43:08","modified_gmt":"2025-04-30T09:43:08","slug":"2400-2","status":"publish","type":"page","link":"https:\/\/yoga-stile-im-vergleich.de\/it\/benvenuto-nel-nostro-sito-web\/2400-2\/","title":{"rendered":""},"content":{"rendered":"\n<p>Molti miti persistono nel panorama dello yoga, ma ad un esame pi\u00f9 attento la percezione della storia dello yoga e la pratica degli esercizi nel presente cambiano. Gli esercizi di yoga sono solo esercizi fisici per mantenere la salute e il relax o possono essere utilizzati anche per lo sviluppo spirituale personale? <\/p>\n\n<p>C&#8217;\u00e8 anche da chiedersi se un sistema di yoga sia adatto a promuovere le persone nella loro individualit\u00e0. Gli esercizi di yoga oggi sono ancora in grado di realizzare ci\u00f2 che un tempo la sua filosofia intendeva per la liberazione dell&#8217;essere umano, la riconnessione dell&#8217;anima al cosmo? <\/p>\n\n<p>Se \u00e8 cos\u00ec, come dovrebbe essere organizzato lo yoga oggi, nel nostro tempo, affinch\u00e9 non solo il corpo sia allenato e mantenuto in salute, ma anche la personalit\u00e0 con le sue capacit\u00e0 mentali e spirituali sia sostenuta nel suo sviluppo in linea con i tempi?<\/p>\n\n<p>Molte di queste interessanti domande e considerazioni comparative sono discusse negli attuali articoli del <a href=\"http:\/\/yoga-stile-im-vergleich.de\/blog\/\">blog.<\/a> <\/p>\n\n<p>Buona lettura,<br\/>Angelika  <br\/><\/p>\n\n<p class=\"has-text-align-center has-small-font-size\"><strong><em>Questo \u00e8 un sito senza scopo di lucro!  <\/em><\/strong><br\/><strong><em>Non ci sono intenzioni commerciali dietro.  <br\/>Il suo unico scopo \u00e8 quello di facilitare lo scambio e il dialogo tra le persone e i loro percorsi di pratica yoga.<\/em><\/strong><\/p>\n\n<hr class=\"wp-block-separator has-css-opacity\"\/>\n\n<p class=\"has-small-font-size\">Immagine di copertina: Julija Mazover<\/p>\n\n<p><\/p>\n","protected":false},"excerpt":{"rendered":"<p>Molti miti persistono nel panorama dello yoga, ma ad un esame pi\u00f9 attento la percezione della storia dello yoga e la pratica degli esercizi nel presente cambiano. Gli esercizi di yoga sono solo esercizi fisici per mantenere la salute e il relax o possono essere utilizzati anche per lo sviluppo spirituale personale? C&#8217;\u00e8 anche da &hellip; <\/p>\n<p class=\"link-more\"><a href=\"https:\/\/yoga-stile-im-vergleich.de\/it\/benvenuto-nel-nostro-sito-web\/2400-2\/\" class=\"more-link\">Leggi tutto<span class=\"screen-reader-text\"> &#8220;&#8221;<\/span><\/a><\/p>\n","protected":false},"author":1,"featured_media":2054,"parent":2225,"menu_order":0,"comment_status":"closed","ping_status":"closed","template":"","meta":{"footnotes":""},"class_list":["post-2400","page","type-page","status-publish","has-post-thumbnail","hentry"],"aioseo_notices":[],"_links":{"self":[{"href":"https:\/\/yoga-stile-im-vergleich.de\/it\/wp-json\/wp\/v2\/pages\/2400","targetHints":{"allow":["GET"]}}],"collection":[{"href":"https:\/\/yoga-stile-im-vergleich.de\/it\/wp-json\/wp\/v2\/pages"}],"about":[{"href":"https:\/\/yoga-stile-im-vergleich.de\/it\/wp-json\/wp\/v2\/types\/page"}],"author":[{"embeddable":true,"href":"https:\/\/yoga-stile-im-vergleich.de\/it\/wp-json\/wp\/v2\/users\/1"}],"replies":[{"embeddable":true,"href":"https:\/\/yoga-stile-im-vergleich.de\/it\/wp-json\/wp\/v2\/comments?post=2400"}],"version-history":[{"count":1,"href":"https:\/\/yoga-stile-im-vergleich.de\/it\/wp-json\/wp\/v2\/pages\/2400\/revisions"}],"predecessor-version":[{"id":2401,"href":"https:\/\/yoga-stile-im-vergleich.de\/it\/wp-json\/wp\/v2\/pages\/2400\/revisions\/2401"}],"up":[{"embeddable":true,"href":"https:\/\/yoga-stile-im-vergleich.de\/it\/wp-json\/wp\/v2\/pages\/2225"}],"wp:featuredmedia":[{"embeddable":true,"href":"https:\/\/yoga-stile-im-vergleich.de\/it\/wp-json\/wp\/v2\/media\/2054"}],"wp:attachment":[{"href":"https:\/\/yoga-stile-im-vergleich.de\/it\/wp-json\/wp\/v2\/media?parent=2400"}],"curies":[{"name":"wp","href":"https:\/\/api.w.org\/{rel}","templated":true}]}}