{"id":2368,"date":"2018-06-02T09:01:31","date_gmt":"2018-06-02T07:01:31","guid":{"rendered":"https:\/\/yoga-stile-im-vergleich.de\/yin-yoga\/"},"modified":"2025-04-30T11:42:46","modified_gmt":"2025-04-30T09:42:46","slug":"yin-yoga","status":"publish","type":"page","link":"https:\/\/yoga-stile-im-vergleich.de\/it\/yin-yoga\/","title":{"rendered":"Yin Yoga"},"content":{"rendered":"\n<p>Lo yin yoga \u00e8 uno stile di yoga relativamente nuovo, molto dolce, quasi passivo, che sta diventando sempre pi\u00f9 popolare. Pu\u00f2 essere visto come un movimento in controtendenza rispetto agli stili di yoga &#8220;influenzati dallo yang&#8221;, cio\u00e8 molto impegnativi dal punto di vista fisico, degli ultimi tre decenni. <br\/><strong>Yin <\/strong>e <strong>yang<\/strong> sono due termini del Taoismo che descrivono due forze opposte: Lo yang \u00e8 il lato attivo, maschile, mentre lo yin \u00e8 il lato passivo, femminile. Insieme formano un insieme armonioso. <\/p>\n\n<p>Lo <strong>Yin Yoga <\/strong>\u00e8 stato sviluppato da <a href=\"http:\/\/paulgrilley.com\/\">Paul Grilley<\/a> e <a href=\"https:\/\/www.sarahandtypowers.com\/\" title=\"\">Sarah Powers<\/a>. Questo nuovo approccio ha iniziato a svilupparsi nel 1987 e si basa sullo <strong>yoga taoista<\/strong>, sul <strong>chi kung delle arti marziali<\/strong> e su altri approcci della <strong>medicina cinese<\/strong> come l&#8217;<strong>integrazione dei meridiani<\/strong>, oltre che sugli insegnamenti dello <strong>yoga tantrico<\/strong> dell&#8217;India. <br\/>Sarah Powers chiama il suo stile Yin Yoga <strong>&#8220;Insight Yoga&#8221;<\/strong> e incorpora elementi di meditazione buddista. <\/p>\n\n<p><a href=\"https:\/\/poweryoga.com\/\">Bryan Kest<\/a>, che ha reso popolare lo stile Yang assoluto con il suo Power Yoga, ora insegna anche uno Yin Yoga dal nome popolare &#8220;LSD&#8221;, abbreviazione di &#8220;Long-Slow-Deep&#8221;.<\/p>\n\n<h2 class=\"wp-block-heading\" style=\"font-size:25px\"><strong>La pratica:<\/strong><\/h2>\n\n<p>Per un periodo di tempo pi\u00f9 lungo, rimani in diverse posizioni in uno stretching passivo. La durata varia da 3-5 minuti o anche di pi\u00f9. \u00c8 caratterizzato dal rilascio dei muscoli e dal loro mantenimento per molto tempo. Questo ti d\u00e0 il tempo di osservare i cambiamenti del tuo corpo e di trovare pace.   <\/p>\n\n<p>Questa lunga presa dovrebbe avere un effetto intensivo sugli strati profondi del corpo. Vengono raggiunti gli strati pi\u00f9 profondi dei muscoli e delle fasce e vengono stimolati i meridiani per liberare il flusso di energia. L&#8217;obiettivo \u00e8 anche quello di consentire uno sguardo pi\u00f9 profondo verso l&#8217;interno e una calma che a volte non \u00e8 pi\u00f9 possibile nella frenetica vita quotidiana.  <\/p>\n\n<p>Ecco un esempio di lezione di Yin yoga:<\/p>\n\n<figure class=\"wp-block-embed is-type-video is-provider-youtube wp-block-embed-youtube wp-embed-aspect-16-9 wp-has-aspect-ratio\"><div class=\"wp-block-embed__wrapper\">\n<iframe loading=\"lazy\" title=\"Yin Yoga Auszeit | sanfte &amp; tiefe Entspannung | oberer R\u00fccken, Nacken &amp; Schultern | 60 Minuten\" width=\"525\" height=\"295\" src=\"https:\/\/www.youtube.com\/embed\/W3Zg3O0TktU?feature=oembed\" frameborder=\"0\" allow=\"accelerometer; autoplay; clipboard-write; encrypted-media; gyroscope; picture-in-picture; web-share\" referrerpolicy=\"strict-origin-when-cross-origin\" allowfullscreen><\/iframe>\n<\/div><\/figure>\n\n<p>Possiamo osservare una sorta di movimento a pendolo tra yin e yang &#8211; un&#8217;oscillazione da un estremo all&#8217;altro &#8211; nella tendenza allo yin yoga?  <br\/>Dove si trova una ragionevole via di mezzo?<\/p>\n\n<p>Continua con lo stile di yoga successivo: <a href=\"https:\/\/yoga-stile-im-vergleich.de\/yoga-nidra\/\" title=\"Yoga Nidra\">Yoga Nidra<\/a><\/p>\n\n<p><\/p>\n","protected":false},"excerpt":{"rendered":"<p>Lo yin yoga \u00e8 uno stile di yoga relativamente nuovo, molto dolce, quasi passivo, che sta diventando sempre pi\u00f9 popolare. Pu\u00f2 essere visto come un movimento in controtendenza rispetto agli stili di yoga &#8220;influenzati dallo yang&#8221;, cio\u00e8 molto impegnativi dal punto di vista fisico, degli ultimi tre decenni. Yin e yang sono due termini del &hellip; <\/p>\n<p class=\"link-more\"><a href=\"https:\/\/yoga-stile-im-vergleich.de\/it\/yin-yoga\/\" class=\"more-link\">Leggi tutto<span class=\"screen-reader-text\"> &#8220;Yin Yoga&#8221;<\/span><\/a><\/p>\n","protected":false},"author":1,"featured_media":0,"parent":0,"menu_order":0,"comment_status":"closed","ping_status":"closed","template":"","meta":{"footnotes":""},"class_list":["post-2368","page","type-page","status-publish","hentry"],"aioseo_notices":[],"_links":{"self":[{"href":"https:\/\/yoga-stile-im-vergleich.de\/it\/wp-json\/wp\/v2\/pages\/2368","targetHints":{"allow":["GET"]}}],"collection":[{"href":"https:\/\/yoga-stile-im-vergleich.de\/it\/wp-json\/wp\/v2\/pages"}],"about":[{"href":"https:\/\/yoga-stile-im-vergleich.de\/it\/wp-json\/wp\/v2\/types\/page"}],"author":[{"embeddable":true,"href":"https:\/\/yoga-stile-im-vergleich.de\/it\/wp-json\/wp\/v2\/users\/1"}],"replies":[{"embeddable":true,"href":"https:\/\/yoga-stile-im-vergleich.de\/it\/wp-json\/wp\/v2\/comments?post=2368"}],"version-history":[{"count":1,"href":"https:\/\/yoga-stile-im-vergleich.de\/it\/wp-json\/wp\/v2\/pages\/2368\/revisions"}],"predecessor-version":[{"id":2370,"href":"https:\/\/yoga-stile-im-vergleich.de\/it\/wp-json\/wp\/v2\/pages\/2368\/revisions\/2370"}],"wp:attachment":[{"href":"https:\/\/yoga-stile-im-vergleich.de\/it\/wp-json\/wp\/v2\/media?parent=2368"}],"curies":[{"name":"wp","href":"https:\/\/api.w.org\/{rel}","templated":true}]}}