{"id":2364,"date":"2018-06-02T09:09:44","date_gmt":"2018-06-02T07:09:44","guid":{"rendered":"https:\/\/yoga-stile-im-vergleich.de\/il-nuovo-yoga\/"},"modified":"2025-04-30T11:42:45","modified_gmt":"2025-04-30T09:42:45","slug":"il-nuovo-yoga","status":"publish","type":"page","link":"https:\/\/yoga-stile-im-vergleich.de\/it\/il-nuovo-yoga\/","title":{"rendered":"Il nuovo yoga"},"content":{"rendered":"\n<p>La nuova volont\u00e0 dello yoga \u00e8 stata fondata da Heinz Grill negli ultimi 35 anni. Lui stesso non vede questo impulso come un nuovo stile o una nuova direzione dello yoga, ma come un percorso spirituale di formazione che mira a promuovere l&#8217;individualit\u00e0 (ego) e la libert\u00e0 spirituale<em>(moksa)<\/em> della persona. Questo permette al praticante di allenarsi liberamente e indipendentemente da uno stile, un gruppo, un guru o una denominazione religiosa. D&#8217;altra parte, questi impulsi possono anche confluire nella pratica del proprio stile preferito e arricchirlo.   <\/p>\n\n<h2 class=\"wp-block-heading\" style=\"font-size:25px\"><strong>La dimensione animica dello yoga<\/strong><\/h2>\n\n<p>Heinz Grill suggerisce di non partire dal corpo, ma direttamente dall&#8217;anima. L&#8217;anima, cio\u00e8 la coscienza, \u00e8 il punto di partenza per l&#8217;esercizio fisico (!) <br\/>La persona interessata all&#8217;esercizio si occupa prima del contenuto spirituale dell&#8217;esercizio fino a quando non emerge una chiara immagine interiore. Entra nell&#8217;esercizio con questa immagine, modella il corpo con questa immagine e lo arricchisce con questo contenuto.    <br\/>Questo \u00e8 certamente insolito nel senso dello yoga tradizionale, che consiste essenzialmente nel liberare energia. Qual \u00e8 il contenuto, il significato pi\u00f9 profondo e nascosto di un esercizio di yoga?   <\/p>\n\n<h2 class=\"wp-block-heading\" style=\"font-size:25px\"><strong>Un esempio: il Manipura Chakra con le sue qualit\u00e0 di &#8220;espansione e centratura&#8221; e lo &#8220;slancio&#8221; della colonna vertebrale.<\/strong><\/h2>\n\n<p>Pensiamo al Manipura Chakra all&#8217;altezza del plesso solare. Sollevando il centro &#8211; o le arcate costali &#8211; la dinamica fluisce da questo centro verso l&#8217;alto, verso la colonna vertebrale cervicale e verso il basso, verso la colonna vertebrale lombare. Prosegue poi negli arti e il corpo diventa sempre pi\u00f9 rilassato verso la periferia. Anche le spalle sono rilassate. Il respiro fluisce liberamente.    <\/p>\n\n<p>Se dirigiamo la nostra attenzione ancora di pi\u00f9 verso lo spazio aereo che ci circonda, allora un gioco di movimento molto libero con <strong>&#8220;centratura nel plesso solare e flusso nello spazio&#8221; <\/strong>pu\u00f2 svolgersi come se fosse spontaneo. Il praticante diventa consapevole dello spazio esterno e allo stesso tempo sperimenta di essere centrato nella propria colonna vertebrale. Si sente in relazione con l&#8217;ambiente circostante.  <\/p>\n\n<p>Questo pu\u00f2 essere sviluppato in tutte le posizioni di tensione, ad esempio nella posizione dell&#8217;equilibrio, della testa e delle ginocchia, del cammello, del triangolo o del saluto al sole. In questo modo si crea uno<strong>&#8220;slancio&#8221; <\/strong>salutare<strong>nella colonna vertebrale <\/strong>e allo stesso tempo si consente un movimento libero da costrizioni volontarie. La colonna vertebrale non solo si stabilizza e si piega, ma riceve anche l&#8217;impulso di espandersi come &#8220;di sua iniziativa&#8221;. In questo modo si ottiene il massimo sollievo per i dischi intervertebrali. Il mal di schiena scompare.    <\/p>\n\n<p>Nel video seguente puoi vedere molto bene l&#8217;allungamento della colonna vertebrale dal Chakra Manipura:<\/p>\n\n<figure class=\"wp-block-embed is-type-video is-provider-youtube wp-block-embed-youtube wp-embed-aspect-16-9 wp-has-aspect-ratio\"><div class=\"wp-block-embed__wrapper\">\n<iframe loading=\"lazy\" title=\"Der Pflug mit Variationen - halasana\" width=\"525\" height=\"295\" src=\"https:\/\/www.youtube.com\/embed\/HHcPqKXOp6o?feature=oembed\" frameborder=\"0\" allow=\"accelerometer; autoplay; clipboard-write; encrypted-media; gyroscope; picture-in-picture; web-share\" referrerpolicy=\"strict-origin-when-cross-origin\" allowfullscreen><\/iframe>\n<\/div><\/figure>\n\n<p><\/p>\n\n<p>Questo principio \u00e8 ben visibile anche nella <a href=\"https:\/\/www.youtube.com\/watch?v=9IAWkAcEtLo\" title=\"\">preghiera del sole <\/a>e viene costantemente ampliato attraverso il rapporto alternato di apertura verso l&#8217;esterno e di nuovo centratura verso l&#8217;interno.<br\/>La <a href=\"https:\/\/heinz-grill.de\/surya-namaskara\/\" title=\"\">serie di immagini<\/a> mostra ancora una volta in dettaglio l&#8217;approccio specifico al movimento nella parte centrale del dorso e la conseguente ampiezza del movimento.<\/p>\n\n<h2 class=\"wp-block-heading\" style=\"font-size:25px\"><strong>Il metodo di esercizio<\/strong><\/h2>\n\n<p>Il modo pi\u00f9 semplice per iniziare \u00e8 attenersi a una sequenza generale: Riscaldamento, posizioni di inversione, piegamenti in avanti, poi piegamenti all&#8217;indietro, torsioni, equilibrio, movimenti laterali e conclusione. La Preghiera del Sole o la <a href=\"https:\/\/heinz-grill.de\/das-kosmische-gebet\/\">Preghiera Cosmica <\/a>da lui sviluppata possono introdurre una sequenza. <br\/>Si tratta di scegliere un contenuto e di esplorarlo nell&#8217;esercizio. Heinz Grill ha sviluppato molti esercizi e approcci semplici, dimostrandoli e spiegandoli in vari modi per visualizzare il contenuto e stimolare l&#8217;attivit\u00e0 mentale del praticante.  <\/p>\n\n<h2 class=\"wp-block-heading\" style=\"font-size:25px\"><strong>Il respiro libero<\/strong><\/h2>\n\n<p>Si presta particolare attenzione al rilascio del respiro. Ci\u00f2 significa che il respiro non \u00e8 legato al movimento, come avviene di solito nello yoga classico, e in particolare non viene utilizzato per dare energia al corpo o per aiutarlo a trovare la sua strada nel movimento. Il respiro \u00e8 lasciato libero. In questo modo si apre una relazione completamente libera tra la coscienza e il respiro stesso e, in ultima analisi, il corpo. Questa \u00e8 la caratteristica del percorso di formazione spirituale-mentale.    <\/p>\n\n<p><strong>Alcuni esempi<\/strong> possono essere trovati sulla <a href=\"https:\/\/heinz-grill.de\/\">homepage<\/a> di Heinz Grill o nelle due opere standard:<br\/><a href=\"https:\/\/stw-verlag.de\/produkte\/seelendimension-des-yoga\/\">La dimensione animica dello yoga<\/a> &#8211; basi pratiche per un percorso di pratica spirituale<br\/><a href=\"https:\/\/heinrichschwabverlag.de\/Buecher\/Spiritualitaet\/Der-freie-Atem-und-der-Lichtseelenprozess::291.html\">Il respiro libero<\/a> &#8211; e il processo dell&#8217;anima leggera<\/p>\n\n<p><strong>Giornate di studio e corsi di formazione:<\/strong><br\/><a href=\"https:\/\/yoga-und-synthese.de\/\">Collegio gratuito di spiritualit\u00e0 a Lundo<\/a><br\/><a href=\"https:\/\/yoga-und-soziale-kompetenz.de\/\">Accademia Internazionale di Yoga<\/a><\/p>\n\n<p>Sei interessato a saperne di pi\u00f9?<br\/>Allora vai all&#8217;<a href=\"http:\/\/yoga-stile-im-vergleich.de\/der-neue-yogawille\/\">Heinz Grill e al nuovo Yoga Will<\/a><\/p>\n\n<p>Continua con lo stile di yoga successivo: <a href=\"https:\/\/yoga-stile-im-vergleich.de\/it\/power-yoga\/\">Power Yoga<\/a><\/p>\n","protected":false},"excerpt":{"rendered":"<p>La nuova volont\u00e0 dello yoga \u00e8 stata fondata da Heinz Grill negli ultimi 35 anni. Lui stesso non vede questo impulso come un nuovo stile o una nuova direzione dello yoga, ma come un percorso spirituale di formazione che mira a promuovere l&#8217;individualit\u00e0 (ego) e la libert\u00e0 spirituale(moksa) della persona. Questo permette al praticante di &hellip; <\/p>\n<p class=\"link-more\"><a href=\"https:\/\/yoga-stile-im-vergleich.de\/it\/il-nuovo-yoga\/\" class=\"more-link\">Leggi tutto<span class=\"screen-reader-text\"> &#8220;Il nuovo yoga&#8221;<\/span><\/a><\/p>\n","protected":false},"author":1,"featured_media":0,"parent":0,"menu_order":0,"comment_status":"closed","ping_status":"closed","template":"","meta":{"footnotes":""},"class_list":["post-2364","page","type-page","status-publish","hentry"],"aioseo_notices":[],"_links":{"self":[{"href":"https:\/\/yoga-stile-im-vergleich.de\/it\/wp-json\/wp\/v2\/pages\/2364","targetHints":{"allow":["GET"]}}],"collection":[{"href":"https:\/\/yoga-stile-im-vergleich.de\/it\/wp-json\/wp\/v2\/pages"}],"about":[{"href":"https:\/\/yoga-stile-im-vergleich.de\/it\/wp-json\/wp\/v2\/types\/page"}],"author":[{"embeddable":true,"href":"https:\/\/yoga-stile-im-vergleich.de\/it\/wp-json\/wp\/v2\/users\/1"}],"replies":[{"embeddable":true,"href":"https:\/\/yoga-stile-im-vergleich.de\/it\/wp-json\/wp\/v2\/comments?post=2364"}],"version-history":[{"count":1,"href":"https:\/\/yoga-stile-im-vergleich.de\/it\/wp-json\/wp\/v2\/pages\/2364\/revisions"}],"predecessor-version":[{"id":2366,"href":"https:\/\/yoga-stile-im-vergleich.de\/it\/wp-json\/wp\/v2\/pages\/2364\/revisions\/2366"}],"wp:attachment":[{"href":"https:\/\/yoga-stile-im-vergleich.de\/it\/wp-json\/wp\/v2\/media?parent=2364"}],"curies":[{"name":"wp","href":"https:\/\/api.w.org\/{rel}","templated":true}]}}