{"id":2360,"date":"2018-06-02T09:03:57","date_gmt":"2018-06-02T07:03:57","guid":{"rendered":"https:\/\/yoga-stile-im-vergleich.de\/hot-e-bikram-yoga\/"},"modified":"2025-04-30T11:42:46","modified_gmt":"2025-04-30T09:42:46","slug":"hot-e-bikram-yoga","status":"publish","type":"page","link":"https:\/\/yoga-stile-im-vergleich.de\/it\/hot-e-bikram-yoga\/","title":{"rendered":"Hot e Bikram Yoga"},"content":{"rendered":"\n<p>Bikram Choudhury (*1946) \u00e8 stato uno studente di B.C. Gosh (un fratello di Paramahansa Yogananda), che \u00e8 stato prima di tutto un bodybuilder di fama internazionale. Come &#8220;strongman&#8221; indiano, praticava l&#8217;allenamento della forza e gli esercizi di hatha yoga come una sorta di disciplina sportiva. Bikram \u00e8 stato suo discepolo fin da piccolo e all&#8217;et\u00e0 di 13 anni ha vinto per tre volte consecutive il campionato nazionale indiano di yoga.  <\/p>\n\n<p>Gosh lo mand\u00f2 a Bombay e l\u00ec inizi\u00f2 a progettare uno schema per le sue lezioni: La serie di 26 esercizi fu creata l\u00ec. Nel 1973 si rec\u00f2 in California, negli Stati Uniti, e nel 2003 brevett\u00f2 la sequenza come &#8220;Bikram Yoga&#8221;. Il suo libro fu pubblicato nel 1978 e fu tradotto in tedesco come<a href=\"https:\/\/www.amazon.de\/Bikram-Yoga-Das-Praxisbuch-Choudhury\/dp\/3778781790\">&#8220;Bikram Yoga: Das Praxisbuch<\/a>&#8221; nel 2005.  <\/p>\n\n<p>Le basi di questo yoga provengono dall&#8217;India, ma non si sa nulla di pi\u00f9 su di esso, se non che \u00e8 stato influenzato da B.C. Gosh ed \u00e8 stato mescolato con il bodybuilding.<\/p>\n\n<h2 class=\"wp-block-heading\" style=\"font-size:25px\"><strong>La pratica:<\/strong><\/h2>\n\n<p>Il secondo nome del Bikram yoga \u00e8 <strong>hot yoga<\/strong>, in quanto viene praticato in una stanza calda a 35-40 gradi centigradi. La sequenza inizia con uno speciale esercizio di pranayama, seguito da una sequenza fissa di 26 esercizi fisici classici e termina con il &#8220;respiro del fuoco attraverso la bocca&#8221; (Kapalabhati). <\/p>\n\n<p>L&#8217;alta temperatura dell&#8217;ambiente ha lo scopo di promuovere la mobilit\u00e0 e disintossicare il corpo attraverso una forte sudorazione. Naturalmente, il calore \u00e8 molto impegnativo per la circolazione: devi provarlo e decidere tu stesso se \u00e8 adatto a te. Ecco un&#8217;impressione autentica:  <\/p>\n\n<figure class=\"wp-block-embed is-type-video is-provider-youtube wp-block-embed-youtube wp-embed-aspect-16-9 wp-has-aspect-ratio\"><div class=\"wp-block-embed__wrapper\">\n<iframe loading=\"lazy\" title=\"Bikram Choudhury teaches Hot Yoga in Phuket\" width=\"525\" height=\"295\" src=\"https:\/\/www.youtube.com\/embed\/CQSrKEJMzho?feature=oembed\" frameborder=\"0\" allow=\"accelerometer; autoplay; clipboard-write; encrypted-media; gyroscope; picture-in-picture; web-share\" referrerpolicy=\"strict-origin-when-cross-origin\" allowfullscreen><\/iframe>\n<\/div><\/figure>\n\n<p>In linea con il suo background, considera il suo allenamento come uno sport e si \u00e8 impegnato a rendere lo yoga socialmente accettabile come una disciplina olimpica da competizione con esercizi obbligatori e a corpo libero. Ecco un esempio della parte &#8220;obbligatoria&#8221;: <\/p>\n\n<figure class=\"wp-block-embed is-type-video is-provider-youtube wp-block-embed-youtube wp-embed-aspect-16-9 wp-has-aspect-ratio\"><div class=\"wp-block-embed__wrapper\">\n<iframe loading=\"lazy\" title=\"Briana Bernal (FL) - 2016 USA Yoga Champion\" width=\"525\" height=\"295\" src=\"https:\/\/www.youtube.com\/embed\/6XT6RjypAHo?feature=oembed\" frameborder=\"0\" allow=\"accelerometer; autoplay; clipboard-write; encrypted-media; gyroscope; picture-in-picture; web-share\" referrerpolicy=\"strict-origin-when-cross-origin\" allowfullscreen><\/iframe>\n<\/div><\/figure>\n\n<p>Continua con lo stile di yoga successivo: <a href=\"https:\/\/yoga-stile-im-vergleich.de\/it\/iyengar-yoga\/\" title=\"Iyengar Yoga\">Iyengar Yoga<\/a><\/p>\n","protected":false},"excerpt":{"rendered":"<p>Bikram Choudhury (*1946) \u00e8 stato uno studente di B.C. Gosh (un fratello di Paramahansa Yogananda), che \u00e8 stato prima di tutto un bodybuilder di fama internazionale. Come &#8220;strongman&#8221; indiano, praticava l&#8217;allenamento della forza e gli esercizi di hatha yoga come una sorta di disciplina sportiva. Bikram \u00e8 stato suo discepolo fin da piccolo e all&#8217;et\u00e0 &hellip; <\/p>\n<p class=\"link-more\"><a href=\"https:\/\/yoga-stile-im-vergleich.de\/it\/hot-e-bikram-yoga\/\" class=\"more-link\">Leggi tutto<span class=\"screen-reader-text\"> &#8220;Hot e Bikram Yoga&#8221;<\/span><\/a><\/p>\n","protected":false},"author":1,"featured_media":0,"parent":0,"menu_order":0,"comment_status":"closed","ping_status":"closed","template":"","meta":{"footnotes":""},"class_list":["post-2360","page","type-page","status-publish","hentry"],"aioseo_notices":[],"_links":{"self":[{"href":"https:\/\/yoga-stile-im-vergleich.de\/it\/wp-json\/wp\/v2\/pages\/2360","targetHints":{"allow":["GET"]}}],"collection":[{"href":"https:\/\/yoga-stile-im-vergleich.de\/it\/wp-json\/wp\/v2\/pages"}],"about":[{"href":"https:\/\/yoga-stile-im-vergleich.de\/it\/wp-json\/wp\/v2\/types\/page"}],"author":[{"embeddable":true,"href":"https:\/\/yoga-stile-im-vergleich.de\/it\/wp-json\/wp\/v2\/users\/1"}],"replies":[{"embeddable":true,"href":"https:\/\/yoga-stile-im-vergleich.de\/it\/wp-json\/wp\/v2\/comments?post=2360"}],"version-history":[{"count":1,"href":"https:\/\/yoga-stile-im-vergleich.de\/it\/wp-json\/wp\/v2\/pages\/2360\/revisions"}],"predecessor-version":[{"id":2363,"href":"https:\/\/yoga-stile-im-vergleich.de\/it\/wp-json\/wp\/v2\/pages\/2360\/revisions\/2363"}],"wp:attachment":[{"href":"https:\/\/yoga-stile-im-vergleich.de\/it\/wp-json\/wp\/v2\/media?parent=2360"}],"curies":[{"name":"wp","href":"https:\/\/api.w.org\/{rel}","templated":true}]}}