{"id":2357,"date":"2018-06-02T10:14:33","date_gmt":"2018-06-02T08:14:33","guid":{"rendered":"https:\/\/yoga-stile-im-vergleich.de\/yoga-yesudiano\/"},"modified":"2025-04-30T11:42:45","modified_gmt":"2025-04-30T09:42:45","slug":"yoga-yesudiano","status":"publish","type":"page","link":"https:\/\/yoga-stile-im-vergleich.de\/it\/yoga-yesudiano\/","title":{"rendered":"Yoga Yesudiano"},"content":{"rendered":"\n<p>L&#8217;indiano <strong>Selvarajan Yesudian <\/strong>(1916-1998) e l&#8217;ungherese <strong>Elisabeth Haich <\/strong>(1887-1994) avevano gi\u00e0 aperto una scuola di yoga a Budapest prima della Seconda Guerra Mondiale, che dal 1949 trasfer\u00ec le sue attivit\u00e0 in Svizzera. Nel dopoguerra, questo stile fu particolarmente influente nei paesi di lingua tedesca. Nel 1989, Yesudian, per molti un insegnante molto stimato e una personalit\u00e0 di spicco, termin\u00f2 la sua attivit\u00e0 di insegnante e fu succeduto da <a href=\"http:\/\/www.yesudianyoga.ch\/yesudianyoga.htm\"><strong>Rolf Heim<\/strong><\/a> nella sua tradizione. Ecco una prima impressione della pratica:   <\/p>\n\n<figure class=\"wp-block-embed is-type-video is-provider-youtube wp-block-embed-youtube wp-embed-aspect-4-3 wp-has-aspect-ratio\"><div class=\"wp-block-embed__wrapper\">\n<iframe loading=\"lazy\" title=\"Yesudian Yoga Osterseminar in Ponte Tresa\" width=\"525\" height=\"394\" src=\"https:\/\/www.youtube.com\/embed\/nV_RVXMp4Rk?feature=oembed\" frameborder=\"0\" allow=\"accelerometer; autoplay; clipboard-write; encrypted-media; gyroscope; picture-in-picture; web-share\" referrerpolicy=\"strict-origin-when-cross-origin\" allowfullscreen><\/iframe>\n<\/div><\/figure>\n\n<p><span class=\"auto-style27\"><span class=\"style32\"><span class=\"style8\"><strong>Christian Fuchs<\/strong> \u00e8 un esperto di questo stile di esercizi e ha descritto <a href=\"http:\/\/yoga-stile-im-vergleich.de\/wp-content\/uploads\/2018\/06\/Die-Uebungsprinzipien-nach-Selvarajan-Yesudian-1.pdf\">i principi della Selvarajan Yesudian<\/a> <\/span><\/span><\/span>descritto in dettaglio.<\/p>\n\n<p>Puoi trovare maggiori informazioni su Selvarajan Yesudian in <a href=\"http:\/\/yoga-stile-im-vergleich.de\/yoga-entwicklung-in-europa\/\">Sviluppo dello Yoga in Europa<\/a> (in fondo alla pagina)<\/p>\n\n<p>Continua con lo stile di yoga successivo: <a href=\"https:\/\/yoga-stile-im-vergleich.de\/yin-yoga\/\">Yin Yoga<\/a><\/p>\n\n<p><\/p>\n","protected":false},"excerpt":{"rendered":"<p>L&#8217;indiano Selvarajan Yesudian (1916-1998) e l&#8217;ungherese Elisabeth Haich (1887-1994) avevano gi\u00e0 aperto una scuola di yoga a Budapest prima della Seconda Guerra Mondiale, che dal 1949 trasfer\u00ec le sue attivit\u00e0 in Svizzera. Nel dopoguerra, questo stile fu particolarmente influente nei paesi di lingua tedesca. Nel 1989, Yesudian, per molti un insegnante molto stimato e una &hellip; <\/p>\n<p class=\"link-more\"><a href=\"https:\/\/yoga-stile-im-vergleich.de\/it\/yoga-yesudiano\/\" class=\"more-link\">Leggi tutto<span class=\"screen-reader-text\"> &#8220;Yoga Yesudiano&#8221;<\/span><\/a><\/p>\n","protected":false},"author":1,"featured_media":0,"parent":0,"menu_order":0,"comment_status":"closed","ping_status":"closed","template":"","meta":{"footnotes":""},"class_list":["post-2357","page","type-page","status-publish","hentry"],"aioseo_notices":[],"_links":{"self":[{"href":"https:\/\/yoga-stile-im-vergleich.de\/it\/wp-json\/wp\/v2\/pages\/2357","targetHints":{"allow":["GET"]}}],"collection":[{"href":"https:\/\/yoga-stile-im-vergleich.de\/it\/wp-json\/wp\/v2\/pages"}],"about":[{"href":"https:\/\/yoga-stile-im-vergleich.de\/it\/wp-json\/wp\/v2\/types\/page"}],"author":[{"embeddable":true,"href":"https:\/\/yoga-stile-im-vergleich.de\/it\/wp-json\/wp\/v2\/users\/1"}],"replies":[{"embeddable":true,"href":"https:\/\/yoga-stile-im-vergleich.de\/it\/wp-json\/wp\/v2\/comments?post=2357"}],"version-history":[{"count":1,"href":"https:\/\/yoga-stile-im-vergleich.de\/it\/wp-json\/wp\/v2\/pages\/2357\/revisions"}],"predecessor-version":[{"id":2358,"href":"https:\/\/yoga-stile-im-vergleich.de\/it\/wp-json\/wp\/v2\/pages\/2357\/revisions\/2358"}],"wp:attachment":[{"href":"https:\/\/yoga-stile-im-vergleich.de\/it\/wp-json\/wp\/v2\/media?parent=2357"}],"curies":[{"name":"wp","href":"https:\/\/api.w.org\/{rel}","templated":true}]}}