{"id":2328,"date":"2018-05-04T06:02:45","date_gmt":"2018-05-04T04:02:45","guid":{"rendered":"https:\/\/yoga-stile-im-vergleich.de\/t-k-v-desikachar-vini-yoga\/"},"modified":"2025-04-30T11:42:12","modified_gmt":"2025-04-30T09:42:12","slug":"t-k-v-desikachar-vini-yoga","status":"publish","type":"page","link":"https:\/\/yoga-stile-im-vergleich.de\/it\/t-k-v-desikachar-vini-yoga\/","title":{"rendered":"T.K.V. Desikachar &#8211; Vini Yoga"},"content":{"rendered":"<div class=\"wp-block-image\">\n<figure class=\"alignleft\"><img loading=\"lazy\" decoding=\"async\" width=\"480\" height=\"320\" src=\"https:\/\/yoga-stile-im-vergleich.de\/wp-content\/uploads\/2024\/09\/desikachar1.jpg\" alt=\"\" class=\"wp-image-1227\" srcset=\"https:\/\/yoga-stile-im-vergleich.de\/wp-content\/uploads\/2024\/09\/desikachar1.jpg 480w, https:\/\/yoga-stile-im-vergleich.de\/wp-content\/uploads\/2024\/09\/desikachar1-300x200.jpg 300w\" sizes=\"auto, (max-width: 480px) 100vw, 480px\" \/><\/figure>\n<\/div>\n<h2 class=\"wp-block-heading\" style=\"font-size:25px\"><strong>T.K.V. Desikachar<\/strong><\/h2>\n\n<p>(1938-2016) \u00e8 il quarto figlio di Sri Tirumalai Krishnamacharya.<\/p>\n\n<p>Ha vissuto da vicino la carriera del padre e il suo yoga. Tuttavia, all&#8217;inizio lo ha vissuto come figlio e non come studente, dato che prima lavorava come ingegnere. Si \u00e8 interessato allo yoga solo da adulto, quando ha sperimentato come suo padre curava le persone malate. Si \u00e8 quindi allenato con suo padre durante gli ultimi 29 anni della sua vita.   <\/p>\n\n<p>Probabilmente ha sperimentato e interiorizzato i valori di suo padre, l&#8217;uso degli esercizi di yoga e i loro effetti curativi in modo pi\u00f9 intenso tra i suoi studenti. In suo onore, nel 1976 fond\u00f2 il &#8220;Krishnamacharya Yoga Madiram&#8221; e alla fine lavor\u00f2 come insegnante di yoga. Suo padre mor\u00ec nel 1989 all&#8217;et\u00e0 di 101 anni.  <\/p>\n\n<p><strong>Un&#8217;impressione della sua persona:<\/strong><\/p>\n\n<figure class=\"wp-block-embed is-type-video is-provider-youtube wp-block-embed-youtube wp-embed-aspect-4-3 wp-has-aspect-ratio\"><div class=\"wp-block-embed__wrapper\">\n<iframe loading=\"lazy\" title=\"IN CONVERSATION - T.K.V. DESIKACHAR\" width=\"525\" height=\"394\" src=\"https:\/\/www.youtube.com\/embed\/6hEMvA6BWqY?feature=oembed\" frameborder=\"0\" allow=\"accelerometer; autoplay; clipboard-write; encrypted-media; gyroscope; picture-in-picture; web-share\" referrerpolicy=\"strict-origin-when-cross-origin\" allowfullscreen><\/iframe>\n<\/div><\/figure>\n\n<p>Il Vini-Yoga descrive l&#8217;approccio di Krishnamacharya agli esercizi di Hatha Yoga: non vengono eseguiti staticamente come una posizione, ma in modo fluido. \u00c8 inoltre caratteristico che le sequenze di esercizi siano adattate e sviluppate individualmente in base alle esigenze e alle possibilit\u00e0 attuali dello studente in classe. Questo avviene in lezioni individuali o in piccoli gruppi, seguendo l&#8217;esempio del lavoro di Krishnamacharya a Madras.  <\/p>\n\n<p>In un&#8217;intervista<a href=\"http:\/\/www.kompetenznetzyoga.de\/viniyoganachgefragt.htm\"><strong> intervista<\/strong><\/a> Desikachar descrisse il suo stupore quando arriv\u00f2 per la prima volta in Occidente e vide che le persone venivano istruite in gruppi e con serie fisse di esercizi yoga. Questo gli era del tutto estraneo, poich\u00e9 il rapporto individuale tra l&#8217;insegnante di yoga o il terapeuta, cos\u00ec come l&#8217;adattamento individuale degli esercizi alla situazione attuale del praticante, era una parte essenziale del Vini-Yoga. Desikachar ha una visione critica del termine Vini-Yoga, poich\u00e9 non vuole che il termine diventi un marchio di fabbrica e che la pratica vivente venga ridotta a un termine.<\/p>\n\n<p><strong>Discepolo di Desikachar<\/strong><br\/>Un noto discepolo di Desikachar \u00e8 l&#8217;indiano <strong><a href=\"https:\/\/sriram.de\/\" title=\"\">R. Sriram<\/a><\/strong>che vive e lavora in Germania. <strong>Imogen Dalmann<\/strong> e <strong>Martin Soder<\/strong>, che hanno scritto sulla rivista <a href=\"https:\/\/viveka.de\/hefte-f%C3%BCr-yoga\/28\"><strong>Viveka<\/strong><\/a> appartengono a questo gruppo. <\/p>\n\n<p>Clicca qui per gli <strong> <a href=\"http:\/\/yoga-stile-im-vergleich.de\/vini-yoga-2\/\">esempi pratici<\/a><\/strong><\/p>\n\n<p><strong><a title=\"B.K.S. Iyengar e il suo stile Iyengar\" href=\"https:\/\/yoga-stile-im-vergleich.de\/it\/b-k-s-iyengar-e-il-suo-stile-iyengar\/\">Continua a leggere:<\/a> B.K.S. Iyengar &#8211; Yoga<\/strong><\/p>\n","protected":false},"excerpt":{"rendered":"<p>T.K.V. Desikachar (1938-2016) \u00e8 il quarto figlio di Sri Tirumalai Krishnamacharya. Ha vissuto da vicino la carriera del padre e il suo yoga. Tuttavia, all&#8217;inizio lo ha vissuto come figlio e non come studente, dato che prima lavorava come ingegnere. Si \u00e8 interessato allo yoga solo da adulto, quando ha sperimentato come suo padre curava &hellip; <\/p>\n<p class=\"link-more\"><a href=\"https:\/\/yoga-stile-im-vergleich.de\/it\/t-k-v-desikachar-vini-yoga\/\" class=\"more-link\">Leggi tutto<span class=\"screen-reader-text\"> &#8220;T.K.V. Desikachar &#8211; Vini Yoga&#8221;<\/span><\/a><\/p>\n","protected":false},"author":1,"featured_media":0,"parent":0,"menu_order":0,"comment_status":"closed","ping_status":"closed","template":"","meta":{"footnotes":""},"class_list":["post-2328","page","type-page","status-publish","hentry"],"aioseo_notices":[],"_links":{"self":[{"href":"https:\/\/yoga-stile-im-vergleich.de\/it\/wp-json\/wp\/v2\/pages\/2328","targetHints":{"allow":["GET"]}}],"collection":[{"href":"https:\/\/yoga-stile-im-vergleich.de\/it\/wp-json\/wp\/v2\/pages"}],"about":[{"href":"https:\/\/yoga-stile-im-vergleich.de\/it\/wp-json\/wp\/v2\/types\/page"}],"author":[{"embeddable":true,"href":"https:\/\/yoga-stile-im-vergleich.de\/it\/wp-json\/wp\/v2\/users\/1"}],"replies":[{"embeddable":true,"href":"https:\/\/yoga-stile-im-vergleich.de\/it\/wp-json\/wp\/v2\/comments?post=2328"}],"version-history":[{"count":1,"href":"https:\/\/yoga-stile-im-vergleich.de\/it\/wp-json\/wp\/v2\/pages\/2328\/revisions"}],"predecessor-version":[{"id":2330,"href":"https:\/\/yoga-stile-im-vergleich.de\/it\/wp-json\/wp\/v2\/pages\/2328\/revisions\/2330"}],"wp:attachment":[{"href":"https:\/\/yoga-stile-im-vergleich.de\/it\/wp-json\/wp\/v2\/media?parent=2328"}],"curies":[{"name":"wp","href":"https:\/\/api.w.org\/{rel}","templated":true}]}}