{"id":2316,"date":"2018-06-02T09:00:59","date_gmt":"2018-06-02T07:00:59","guid":{"rendered":"https:\/\/yoga-stile-im-vergleich.de\/jivamukti\/"},"modified":"2025-11-25T14:19:38","modified_gmt":"2025-11-25T13:19:38","slug":"jivamukti","status":"publish","type":"page","link":"https:\/\/yoga-stile-im-vergleich.de\/it\/jivamukti\/","title":{"rendered":"Jivamukti"},"content":{"rendered":"\n<p>Lo yoga Jivamukti (letteralmente &#8220;yoga della liberazione dell&#8217;anima&#8221;) \u00e8 stato sviluppato a New York nel 1984 dalla coppia Sharon Gannon e David Life, inizialmente sulla base dello hatha yoga. I due provengono dalla scena artistica e musicale e integrano vari stili di yoga nel loro lavoro artistico. Nel 1986 hanno completato un programma di formazione per insegnanti di yoga Sivananda in India e nel 1990 sono stati studenti di Pattabhi Jois.    <\/p>\n\n<p>Sono fortemente impegnati nel benessere degli animali e in una dieta vegetariana, che \u00e8 parte integrante del loro messaggio yoga. Loro stessi sono rigorosamente vegani e vogliono contribuire all&#8217;<g id=\"gid_0\">ahimsa<\/g>, la pace nel mondo. Amano dimostrare il loro principio attraverso l&#8217;attivismo sociale.  <\/p>\n\n<p>Grazie a queste personalit\u00e0, Jivamukti Yoga \u00e8 <strong>&#8220;hot, hip &amp; holy&#8221;<\/strong>, come David Life stesso descrive la sua scena yoga. Non convenzionale, cool e al centro dello Zeitgeist, non \u00e8 un caso che abbia molti seguaci &#8220;cool&#8221;. <\/p>\n\n<p>Ecco un&#8217;impressione di entrambi durante l&#8217;intervista, oltre al loro stile di insegnamento, che verr\u00e0 spiegato di seguito:<\/p>\n\n<figure class=\"wp-block-embed is-type-video is-provider-youtube wp-block-embed-youtube wp-embed-aspect-16-9 wp-has-aspect-ratio\"><div class=\"wp-block-embed__wrapper\">\n<iframe loading=\"lazy\" title=\"Interview with Sharon Gannon and David Life from Jivamukti Yoga\" width=\"525\" height=\"295\" src=\"https:\/\/www.youtube.com\/embed\/aWQp-cJiSoI?feature=oembed\" frameborder=\"0\" allow=\"accelerometer; autoplay; clipboard-write; encrypted-media; gyroscope; picture-in-picture; web-share\" referrerpolicy=\"strict-origin-when-cross-origin\" allowfullscreen><\/iframe>\n<\/div><\/figure>\n\n<p><b><strong>La pratica:<\/strong><\/b><\/p>\n\n<figure class=\"wp-block-embed is-type-video is-provider-youtube wp-block-embed-youtube wp-embed-aspect-16-9 wp-has-aspect-ratio\"><div class=\"wp-block-embed__wrapper\">\n<iframe loading=\"lazy\" title=\"Jivamukti Master Class w Sharon Gannon (2014-10-Oct) (SRYBC)\" width=\"525\" height=\"295\" src=\"https:\/\/www.youtube.com\/embed\/4feR6eiWwnY?feature=oembed\" frameborder=\"0\" allow=\"accelerometer; autoplay; clipboard-write; encrypted-media; gyroscope; picture-in-picture; web-share\" referrerpolicy=\"strict-origin-when-cross-origin\" allowfullscreen><\/iframe>\n<\/div><\/figure>\n\n<p>La sequenza Vinyasa Flow \u00e8 scelta liberamente e il movimento \u00e8 combinato con la respirazione. Viene suonata della musica ad alto volume, in modo non convenzionale. La musica \u00e8 moderna, qualsiasi cosa ti piaccia; pu\u00f2 anche essere musica tradizionale indiana.  <\/p>\n\n<p>Una lezione di ginnastica inizia cantando insieme l&#8217;OM. Il riscaldamento consiste nei saluti al sole, che vengono subito accompagnati dalla musica. Poi, nella parte principale della lezione, una sequenza di posture che si fondono l&#8217;una nell&#8217;altra e che ricordano fortemente i movimenti dell&#8217;Ashtanga yoga. In primo luogo, posizioni in piedi, seguite da piegamenti in avanti e all&#8217;indietro e torsioni laterali. La lezione si conclude con le classiche posizioni yoga, un rilassamento finale e una seduta meditativa.    <\/p>\n\n<p>Lo studio delle scritture yogiche, la recitazione di mantra e preghiere, il canto e la meditazione giocano un ruolo importante.<\/p>\n\n<p><span style=\"color: #000000;\">Questo yoga molto sudato e orientato al corpo \u00e8 inserito in un certo background filosofico ed \u00e8 accompagnato da attivismo sociale. Pu\u00f2 essere descritto come un rappresentante del moderno stile di vita dello yoga, in cui viene propagandato un tipo di atteggiamento verso la vita. <\/span><\/p>\n\n<p>Maggiori dettagli su <a href=\"https:\/\/wiki.yoga-vidya.de\/Jivamukti_Yoga\" title=\"\">Yogawiki<\/a><\/p>\n\n<p>Continua con lo stile di yoga successivo: <a href=\"https:\/\/yoga-stile-im-vergleich.de\/it\/kundalini-yoga\/\">Kundalini Yoga<\/a><\/p>\n","protected":false},"excerpt":{"rendered":"<p>Lo yoga Jivamukti (letteralmente &#8220;yoga della liberazione dell&#8217;anima&#8221;) \u00e8 stato sviluppato a New York nel 1984 dalla coppia Sharon Gannon e David Life, inizialmente sulla base dello hatha yoga. I due provengono dalla scena artistica e musicale e integrano vari stili di yoga nel loro lavoro artistico. Nel 1986 hanno completato un programma di formazione &hellip; <\/p>\n<p class=\"link-more\"><a href=\"https:\/\/yoga-stile-im-vergleich.de\/it\/jivamukti\/\" class=\"more-link\">Leggi tutto<span class=\"screen-reader-text\"> &#8220;Jivamukti&#8221;<\/span><\/a><\/p>\n","protected":false},"author":1,"featured_media":0,"parent":0,"menu_order":0,"comment_status":"closed","ping_status":"closed","template":"","meta":{"footnotes":""},"class_list":["post-2316","page","type-page","status-publish","hentry"],"aioseo_notices":[],"_links":{"self":[{"href":"https:\/\/yoga-stile-im-vergleich.de\/it\/wp-json\/wp\/v2\/pages\/2316","targetHints":{"allow":["GET"]}}],"collection":[{"href":"https:\/\/yoga-stile-im-vergleich.de\/it\/wp-json\/wp\/v2\/pages"}],"about":[{"href":"https:\/\/yoga-stile-im-vergleich.de\/it\/wp-json\/wp\/v2\/types\/page"}],"author":[{"embeddable":true,"href":"https:\/\/yoga-stile-im-vergleich.de\/it\/wp-json\/wp\/v2\/users\/1"}],"replies":[{"embeddable":true,"href":"https:\/\/yoga-stile-im-vergleich.de\/it\/wp-json\/wp\/v2\/comments?post=2316"}],"version-history":[{"count":10,"href":"https:\/\/yoga-stile-im-vergleich.de\/it\/wp-json\/wp\/v2\/pages\/2316\/revisions"}],"predecessor-version":[{"id":2763,"href":"https:\/\/yoga-stile-im-vergleich.de\/it\/wp-json\/wp\/v2\/pages\/2316\/revisions\/2763"}],"wp:attachment":[{"href":"https:\/\/yoga-stile-im-vergleich.de\/it\/wp-json\/wp\/v2\/media?parent=2316"}],"curies":[{"name":"wp","href":"https:\/\/api.w.org\/{rel}","templated":true}]}}