{"id":2247,"date":"2018-04-24T07:04:14","date_gmt":"2018-04-24T05:04:14","guid":{"rendered":"https:\/\/yoga-stile-im-vergleich.de\/iyengar-yoga\/"},"modified":"2025-04-30T11:34:21","modified_gmt":"2025-04-30T09:34:21","slug":"iyengar-yoga","status":"publish","type":"page","link":"https:\/\/yoga-stile-im-vergleich.de\/it\/iyengar-yoga\/","title":{"rendered":"Iyengar Yoga"},"content":{"rendered":"\n<p><span style=\"color: #000000;\">Una descrizione dettagliata della pratica dell&#8217;Iyengar Yoga, di B.K.S. Iyengar stesso e della sua carriera \u00e8 disponibile all&#8217;indirizzo: <a style=\"color: #000000;\" href=\"http:\/\/yoga-stile-im-vergleich.de\/b-k-s-iyengar-und-sein-iyengar-stil\/\">B.K.S. Iyengar e il suo stile Iyengar.<\/a><\/span><\/p>\n\n<h2 class=\"wp-block-heading\" style=\"font-size:25px\"><span style=\"color: #000000;\"><strong>Breve panoramica della pratica:<\/strong><\/span><\/h2>\n\n<p><span style=\"color: #000000;\">Un segno distintivo \u00e8 la precisione e l&#8217;esatto allineamento delle posizioni yoga, il cosiddetto <strong>allineamento <\/strong>. Per ottimizzare le posizioni vengono utilizzati molti ausili come blocchi, cinghie o coperte. L&#8217;insegnante d\u00e0 istruzioni molto precise e corregge lo studente. La respirazione ha un ruolo secondario, ma viene annunciata nelle rispettive posizioni secondo le istruzioni di Iyengar.   <\/span><\/p>\n\n<p><span style=\"color: #000000;\">Ogni lezione inizia con le posizioni in piedi. Le posizioni in piedi vengono praticate intensamente nel corso degli anni, poich\u00e9 Iyengar le considerava la base per un corretto allineamento del corpo. Seguono poi gli allungamenti all&#8217;indietro, gli allungamenti in avanti, le posizioni di inversione o le cosiddette posizioni rigenerative.    <\/span><\/p>\n\n<p><span style=\"color: #000000;\">Il pranayama viene solitamente insegnato separatamente dagli esercizi fisici in apposite lezioni di pranayama. Tuttavia, l&#8217;osservazione del respiro e alcuni pranayama leggeri possono essere inclusi anche alla fine di una lezione di asana. <\/span><\/p>\n\n<p><span style=\"color: #000000;\">La disciplina \u00e8 un&#8217;altra caratteristica dei corsi. Si praticano alcune posizioni nell&#8217;arco di un&#8217;ora, cos\u00ec come in cicli settimanali, e si allineano nel modo pi\u00f9 preciso possibile. <\/span><\/p>\n\n<p><span style=\"color: #000000;\">Il metodo di insegnamento \u00e8 standardizzato, cio\u00e8 i principi di base vengono insegnati nello stesso modo in tutto il mondo, anche se la sequenza di esercizi pu\u00f2 essere composta dagli studenti stessi.  <\/span><\/p>\n\n<p>Tutto ruota intorno alla perfezione nel regno fisico; non c&#8217;\u00e8 praticamente nessuna aspirazione spirituale riconoscibile nelle lezioni.<\/p>\n\n<p><span style=\"color: #000000;\">Un&#8217;impressione concreta di come B.K.S. Iyengar stesso insegnava:<\/span><\/p>\n\n<figure class=\"wp-block-embed is-type-video is-provider-youtube wp-block-embed-youtube wp-embed-aspect-4-3 wp-has-aspect-ratio\"><div class=\"wp-block-embed__wrapper\">\n<iframe loading=\"lazy\" title=\"BKS Iyengar Teaching Yoga asana class London 1985 part1 of 2 (Clip 1 of 4)\" width=\"525\" height=\"394\" src=\"https:\/\/www.youtube.com\/embed\/VVIbEEJcaSo?feature=oembed\" frameborder=\"0\" allow=\"accelerometer; autoplay; clipboard-write; encrypted-media; gyroscope; picture-in-picture; web-share\" referrerpolicy=\"strict-origin-when-cross-origin\" allowfullscreen><\/iframe>\n<\/div><\/figure>\n\n<p>Pratica di uno studente:<\/p>\n\n<figure class=\"wp-block-embed is-type-video is-provider-youtube wp-block-embed-youtube wp-embed-aspect-16-9 wp-has-aspect-ratio\"><div class=\"wp-block-embed__wrapper\">\n<iframe loading=\"lazy\" title=\"30 minutes practice of Iyengar Yoga for beginners to intermediates\" width=\"525\" height=\"295\" src=\"https:\/\/www.youtube.com\/embed\/5KrDlrmsRrU?feature=oembed\" frameborder=\"0\" allow=\"accelerometer; autoplay; clipboard-write; encrypted-media; gyroscope; picture-in-picture; web-share\" referrerpolicy=\"strict-origin-when-cross-origin\" allowfullscreen><\/iframe>\n<\/div><\/figure>\n\n<p><span style=\"color: #000000;\">Oggi l&#8217;Iyengar Yoga viene insegnato in pi\u00f9 di 70 paesi ed \u00e8 quindi diffuso in tutto il mondo.  <\/span><\/p>\n\n<p><span style=\"color: #000000;\">Rappresentante in Germania:<\/span><\/p>\n\n<p><a href=\"https:\/\/iyoga.de\/\">Michael Forbes<\/a>, insegnante &#8220;senior&#8221; di Iyengar a Monaco <br\/> Rita<a href=\"https:\/\/rita-keller.yoga\/rita-keller\/\">Keller,<\/a> insegnante &#8220;junior avanzato&#8221; di Iyengar a Colonia<br\/><a href=\"https:\/\/www.iyengar-yoga-deutschland.de\/\">Associazione professionale<\/a> Iyengar Germania a Berlino<\/p>\n\n<p>Continua con lo stile di yoga successivo: <a href=\"https:\/\/yoga-stile-im-vergleich.de\/jivamukti\/\" title=\"Jivamukti\">Jivamukti yoga<\/a><\/p>\n","protected":false},"excerpt":{"rendered":"<p>Una descrizione dettagliata della pratica dell&#8217;Iyengar Yoga, di B.K.S. Iyengar stesso e della sua carriera \u00e8 disponibile all&#8217;indirizzo: B.K.S. Iyengar e il suo stile Iyengar. Breve panoramica della pratica: Un segno distintivo \u00e8 la precisione e l&#8217;esatto allineamento delle posizioni yoga, il cosiddetto allineamento . Per ottimizzare le posizioni vengono utilizzati molti ausili come blocchi, &hellip; <\/p>\n<p class=\"link-more\"><a href=\"https:\/\/yoga-stile-im-vergleich.de\/it\/iyengar-yoga\/\" class=\"more-link\">Leggi tutto<span class=\"screen-reader-text\"> &#8220;Iyengar Yoga&#8221;<\/span><\/a><\/p>\n","protected":false},"author":1,"featured_media":0,"parent":0,"menu_order":0,"comment_status":"closed","ping_status":"closed","template":"","meta":{"footnotes":""},"class_list":["post-2247","page","type-page","status-publish","hentry"],"aioseo_notices":[],"_links":{"self":[{"href":"https:\/\/yoga-stile-im-vergleich.de\/it\/wp-json\/wp\/v2\/pages\/2247","targetHints":{"allow":["GET"]}}],"collection":[{"href":"https:\/\/yoga-stile-im-vergleich.de\/it\/wp-json\/wp\/v2\/pages"}],"about":[{"href":"https:\/\/yoga-stile-im-vergleich.de\/it\/wp-json\/wp\/v2\/types\/page"}],"author":[{"embeddable":true,"href":"https:\/\/yoga-stile-im-vergleich.de\/it\/wp-json\/wp\/v2\/users\/1"}],"replies":[{"embeddable":true,"href":"https:\/\/yoga-stile-im-vergleich.de\/it\/wp-json\/wp\/v2\/comments?post=2247"}],"version-history":[{"count":1,"href":"https:\/\/yoga-stile-im-vergleich.de\/it\/wp-json\/wp\/v2\/pages\/2247\/revisions"}],"predecessor-version":[{"id":2248,"href":"https:\/\/yoga-stile-im-vergleich.de\/it\/wp-json\/wp\/v2\/pages\/2247\/revisions\/2248"}],"wp:attachment":[{"href":"https:\/\/yoga-stile-im-vergleich.de\/it\/wp-json\/wp\/v2\/media?parent=2247"}],"curies":[{"name":"wp","href":"https:\/\/api.w.org\/{rel}","templated":true}]}}