{"id":2195,"date":"2018-05-03T13:07:05","date_gmt":"2018-05-03T11:07:05","guid":{"rendered":"https:\/\/yoga-stile-im-vergleich.de\/swami-sivananda-un-grande-santo-dellindia\/"},"modified":"2025-11-20T14:13:34","modified_gmt":"2025-11-20T13:13:34","slug":"swami-sivananda-un-grande-santo-dellindia","status":"publish","type":"page","link":"https:\/\/yoga-stile-im-vergleich.de\/it\/swami-sivananda-un-grande-santo-dellindia\/","title":{"rendered":"Swami Sivananda &#8211; un grande santo dell&#8217;India"},"content":{"rendered":"\n<div class=\"wp-block-group is-nowrap is-layout-flex wp-container-core-group-is-layout-ad2f72ca wp-block-group-is-layout-flex\">\n<div class=\"wp-block-columns is-layout-flex wp-container-core-columns-is-layout-9d6595d7 wp-block-columns-is-layout-flex\">\n<div class=\"wp-block-column is-layout-flow wp-block-column-is-layout-flow\" style=\"flex-basis:100%\"><div class=\"wp-block-image\">\n<figure class=\"alignleft is-resized\"><img loading=\"lazy\" decoding=\"async\" width=\"387\" height=\"509\" src=\"https:\/\/yoga-stile-im-vergleich.de\/wp-content\/uploads\/2018\/05\/Swami-Sivananda-Portrait-1.jpg\" alt=\"Swami Sivananda\" class=\"wp-image-292\" style=\"width:309px;height:auto\" srcset=\"https:\/\/yoga-stile-im-vergleich.de\/wp-content\/uploads\/2018\/05\/Swami-Sivananda-Portrait-1.jpg 387w, https:\/\/yoga-stile-im-vergleich.de\/wp-content\/uploads\/2018\/05\/Swami-Sivananda-Portrait-1-228x300.jpg 228w\" sizes=\"auto, (max-width: 387px) 100vw, 387px\" \/><\/figure>\n<\/div>\n\n\n<p><strong>Swami Sivananda \u00e8 uno dei grandi santi dell&#8217;India.<\/strong> <br\/>Visse dal 1887 al 1963.<\/p>\n\n\n\n<p>Inizialmente studi\u00f2 medicina con il suo nome di nascita Kuppuswami Iyer e si stabil\u00ec a Rishikesh nel 1924. Rishikesh \u00e8 una delle sette citt\u00e0 sante dell&#8217;India e si trova dove il Gange sgorga dall&#8217;Himalaya, dove molti sadhus soggiornano negli ashram. <\/p>\n\n\n\n<p>Divenne anche un sadhu e adott\u00f2 il suo nuovo nome Swami Sivananda. Nel 1936 fond\u00f2 un ashram, la<strong>Divine Life Society<\/strong>, dove trascorse il resto della sua vita. Tuttavia, era cosmopolita e orientato verso l&#8217;Occidente. Ne parleremo pi\u00f9 avanti.   <\/p>\n\n\n\n<p>Come maestro spirituale, istru\u00ec molti studenti. Essi vivevano con lui in un rapporto classicamente stretto per 12 anni al suo fianco nell&#8217;ashram. Dopo 12 anni, il discepolato terminava e lui li mandava nel mondo a svolgere diversi compiti.  <\/p>\n\n\n\n<figure class=\"wp-block-image alignnone size-full wp-image-337\"><img loading=\"lazy\" decoding=\"async\" width=\"515\" height=\"295\" src=\"https:\/\/yoga-stile-im-vergleich.de\/wp-content\/uploads\/2018\/05\/Chinmayananda_Sivananda_Rishikesh_Ganga.jpg\" alt=\"\" class=\"wp-image-337\" srcset=\"https:\/\/yoga-stile-im-vergleich.de\/wp-content\/uploads\/2018\/05\/Chinmayananda_Sivananda_Rishikesh_Ganga.jpg 515w, https:\/\/yoga-stile-im-vergleich.de\/wp-content\/uploads\/2018\/05\/Chinmayananda_Sivananda_Rishikesh_Ganga-300x172.jpg 300w\" sizes=\"auto, (max-width: 515px) 100vw, 515px\" \/><figcaption class=\"wp-element-caption\">Il quarto da destra \u00e8 Swami Sivananda<\/figcaption><\/figure>\n\n\n\n<p>Alcuni studenti famosi sono:<\/p>\n\n\n\n<ul class=\"wp-block-list\">\n<li><span style=\"color: #000000;\"><a style=\"color: #000000;\" href=\"https:\/\/wiki.yoga-vidya.de\/Vishnu-devananda\">Swami Vishnu Devananda<\/a> &#8211; Fondatore dei Centri Yoga Vedanta Sivananda<\/span><\/li>\n\n\n\n<li><span style=\"color: #000000;\"><a style=\"color: #000000;\" href=\"https:\/\/wiki.yoga-vidya.de\/Swami_Krishnananda\">Swami Krishnananda<\/a>, il suo successore a Rishikesh<\/span><\/li>\n\n\n\n<li><span style=\"color: #000000;\"><a style=\"color: #000000;\" href=\"https:\/\/wiki.yoga-vidya.de\/Swami_Chidananda\">Swami Chidananda<\/a>, ha continuato a guidare la Divine Life Society<\/span><\/li>\n\n\n\n<li><span style=\"color: #000000;\"><a style=\"color: #000000;\" href=\"https:\/\/wiki.yoga-vidya.de\/Swami_Satchidananda\">Swami SatChidAnanda<\/a>, ha aperto il Festival di Woodstock<\/span><\/li>\n\n\n\n<li><span style=\"color: #000000;\"><a style=\"color: #000000;\" href=\"https:\/\/wiki.yoga-vidya.de\/Swami_Omkarananda\">Swami Omkarananda<\/a>, stabilitosi in Svizzera<\/span><\/li>\n\n\n\n<li><span style=\"color: #000000;\"><a style=\"color: #000000;\" href=\"https:\/\/wiki.yoga-vidya.de\/Swami_Sivananda_Radha\">Swami Sivananda Radha<\/a>, originaria di Sylvia Hellman, si \u00e8 stabilita a Kananda.<\/span><\/li>\n<\/ul>\n\n\n\n<p><span style=\"color: #000000;\">Ecco alcune<\/span> impressioni autentiche della sua vita e del suo lavoro a Rishikesh:<\/p>\n\n\n\n<figure class=\"wp-block-embed is-type-video is-provider-youtube wp-block-embed-youtube wp-embed-aspect-4-3 wp-has-aspect-ratio\"><div class=\"wp-block-embed__wrapper\">\n<iframe loading=\"lazy\" title=\"# 109 No. 5 Master Sivananda filmed in Rishikesh, India 1887-1963.\" width=\"525\" height=\"394\" src=\"https:\/\/www.youtube.com\/embed\/iBV73y418vg?feature=oembed\" frameborder=\"0\" allow=\"accelerometer; autoplay; clipboard-write; encrypted-media; gyroscope; picture-in-picture; web-share\" referrerpolicy=\"strict-origin-when-cross-origin\" allowfullscreen><\/iframe>\n<\/div><\/figure>\n\n\n\n<h2 class=\"wp-block-heading\" style=\"font-size:25px\">&#8220;Libero dallo yoga&#8221;<\/h2>\n\n\n\n<p>Vale la pena scoprire qualcosa di pi\u00f9 sulla sua personalit\u00e0. Lavorava instancabilmente ed era sempre pieno di un gioioso impulso creativo. Si alzava molto presto, alle 3 del mattino, un&#8217;ora prima dei suoi alunni, e la sua giornata terminava verso le 11 di sera. Ogni minuto della sua giornata era pieno di attivit\u00e0 che svolgeva con gioia e voglia di fare. La sua allegria era notevole e impressionava gli alunni e i visitatori.    <\/p>\n\n\n\n<p><strong>Sapeva che non si pu\u00f2 passare dalla vita terrena a quella spirituale utilizzando tecniche e metodi<\/strong>.<\/p>\n\n\n\n<p>Swami Sivananda, in quanto iniziato ai mondi spirituali, sapeva bene che non si pu\u00f2 raggiungere lo spirito con le pratiche yoga. Per questo motivo era &#8220;libero dallo yoga&#8221;. <\/p>\n\n\n\n<p>La gioia, l&#8217;allegria e la spensieratezza della sua personalit\u00e0 devono aver avuto a che fare con questa consapevolezza e mentalit\u00e0. Si dedic\u00f2 invece a servire gli altri e fu instancabile nel suo lavoro: <\/p>\n\n\n\n<p>SERVIRE &#8211; AMARE &#8211; MEDITARE &#8211; REALIZZARE<\/p>\n\n\n\n<p>Questo solleva la questione del perch\u00e9 dovresti fare tanti esercizi e imporre a te stesso una rigida routine quotidiana se questo non ti porta al tuo obiettivo spirituale!<\/p>\n\n\n\n<p>Questa routine quotidiana<a href=\"http:\/\/yoga-stile-im-vergleich.de\/wp-content\/uploads\/2018\/06\/Die-20-Regeln-des-Sivananda.pdf\">&#8220;Le 20 regole di Sivananda<\/a>&#8221; \u00e8 stampata qui sotto. La sera, prendi il<a href=\"http:\/\/yoga-stile-im-vergleich.de\/wp-content\/uploads\/2018\/06\/Spirituelles-Tagebuch.pdf\">&#8220;Diario Spirituale<\/a>&#8220;, un &#8220;questionario&#8221; con 26 domande, e annota ci\u00f2 che hai fatto. (Vengono distribuiti negli Ashram Sivananda)<\/p>\n\n\n\n<h2 class=\"wp-block-heading\">Gli esercizi fisici<\/h2>\n\n\n\n<p>Nei video storici, puoi vedere lui e i suoi studenti praticare asana sul Gange, che in Europa \u00e8 conosciuto soprattutto come <a href=\"http:\/\/yoga-stile-im-vergleich.de\/wp-content\/uploads\/2018\/06\/Rishikeshreihe.pdf\">Rishikeshreihe<\/a>. Secondo i Centri Sivananda, Swami Sivananda si riferiva all&#8217;Hathayoga Pradipika. Non si sa se egli stesso sia stato ispirato da saggi studiosi. Inoltre, non si sa nulla di come sia nata la Rishikeshreihe. Forse li ha sviluppati mentre si esercitava con i suoi studenti? Rimane aperta anche la questione della provenienza degli impulsi per la forma tipica del saluto al sole di Sivananda, che differisce in modo significativo dalla forma di preghiera del sole A e B dell&#8217;Ashtangayoga, per esempio.<\/p>\n\n\n\n<p>Dopo 12 anni di vita nell&#8217;ashram, mand\u00f2 Vishnu Devananda in America, dove fond\u00f2 gli &#8220;Ashram di Sivananda Yoga&#8221;, famosi in tutto il mondo: <a href=\"http:\/\/yoga-stile-im-vergleich.de\/sivananda-yoga-von-vishnu-devananda\/\">Sivananda Yoga in Occidente<\/a>.<\/p>\n\n\n\n<p>Una vita dettagliata di Swami Sivanada si trova su <a href=\"https:\/\/www.aurorawiki.de\/wiki\/Swami_Sivananda#Wirken\" title=\"\"><strong>Aurora Wiki<\/strong><\/a>. \u00c8 particolarmente interessante studiare il lavoro dell&#8217;anima di questo grande santo.<\/p>\n\n\n\n<p><strong><a title=\"Lo Yoga Sivananda in Occidente\" href=\"https:\/\/yoga-stile-im-vergleich.de\/it\/lo-yoga-sivananda-in-occidente\/\">Continua a leggere:<\/a> Lo Yoga Sivananda in Occidente<\/strong><\/p>\n<\/div>\n<\/div>\n<\/div>\n\n<p><\/p>\n","protected":false},"excerpt":{"rendered":"<p>Swami Sivananda \u00e8 uno dei grandi santi dell&#8217;India. Visse dal 1887 al 1963. Inizialmente studi\u00f2 medicina con il suo nome di nascita Kuppuswami Iyer e si stabil\u00ec a Rishikesh nel 1924. Rishikesh \u00e8 una delle sette citt\u00e0 sante dell&#8217;India e si trova dove il Gange sgorga dall&#8217;Himalaya, dove molti sadhus soggiornano negli ashram. Divenne anche &hellip; <\/p>\n<p class=\"link-more\"><a href=\"https:\/\/yoga-stile-im-vergleich.de\/it\/swami-sivananda-un-grande-santo-dellindia\/\" class=\"more-link\">Leggi tutto<span class=\"screen-reader-text\"> &#8220;Swami Sivananda &#8211; un grande santo dell&#8217;India&#8221;<\/span><\/a><\/p>\n","protected":false},"author":1,"featured_media":0,"parent":0,"menu_order":0,"comment_status":"closed","ping_status":"closed","template":"","meta":{"footnotes":""},"class_list":["post-2195","page","type-page","status-publish","hentry"],"aioseo_notices":[],"_links":{"self":[{"href":"https:\/\/yoga-stile-im-vergleich.de\/it\/wp-json\/wp\/v2\/pages\/2195","targetHints":{"allow":["GET"]}}],"collection":[{"href":"https:\/\/yoga-stile-im-vergleich.de\/it\/wp-json\/wp\/v2\/pages"}],"about":[{"href":"https:\/\/yoga-stile-im-vergleich.de\/it\/wp-json\/wp\/v2\/types\/page"}],"author":[{"embeddable":true,"href":"https:\/\/yoga-stile-im-vergleich.de\/it\/wp-json\/wp\/v2\/users\/1"}],"replies":[{"embeddable":true,"href":"https:\/\/yoga-stile-im-vergleich.de\/it\/wp-json\/wp\/v2\/comments?post=2195"}],"version-history":[{"count":8,"href":"https:\/\/yoga-stile-im-vergleich.de\/it\/wp-json\/wp\/v2\/pages\/2195\/revisions"}],"predecessor-version":[{"id":2708,"href":"https:\/\/yoga-stile-im-vergleich.de\/it\/wp-json\/wp\/v2\/pages\/2195\/revisions\/2708"}],"wp:attachment":[{"href":"https:\/\/yoga-stile-im-vergleich.de\/it\/wp-json\/wp\/v2\/media?parent=2195"}],"curies":[{"name":"wp","href":"https:\/\/api.w.org\/{rel}","templated":true}]}}