{"id":2190,"date":"2018-04-24T08:16:46","date_gmt":"2018-04-24T06:16:46","guid":{"rendered":"https:\/\/yoga-stile-im-vergleich.de\/heinz-grill-e-the-new-yoga-will\/"},"modified":"2025-11-13T13:24:28","modified_gmt":"2025-11-13T12:24:28","slug":"heinz-grill-e-the-new-yoga-will","status":"publish","type":"page","link":"https:\/\/yoga-stile-im-vergleich.de\/it\/heinz-grill-e-the-new-yoga-will\/","title":{"rendered":"Heinz Grill e The New Yoga Will"},"content":{"rendered":"<div class=\"wp-block-image\">\n<figure class=\"alignleft size-full is-resized\"><img loading=\"lazy\" decoding=\"async\" width=\"480\" height=\"626\" src=\"https:\/\/yoga-stile-im-vergleich.de\/wp-content\/uploads\/2025\/10\/K640_Heinz_Grill.jpg\" alt=\"Heinz Grill, fondatore di un moderno percorso spirituale di formazione, il Nuovo Testamento Yoga\" class=\"wp-image-2583\" style=\"width:238px;height:auto\" srcset=\"https:\/\/yoga-stile-im-vergleich.de\/wp-content\/uploads\/2025\/10\/K640_Heinz_Grill.jpg 480w, https:\/\/yoga-stile-im-vergleich.de\/wp-content\/uploads\/2025\/10\/K640_Heinz_Grill-230x300.jpg 230w\" sizes=\"auto, (max-width: 480px) 100vw, 480px\" \/><\/figure>\n<\/div>\n<p><a href=\"https:\/\/heinz-grill.de\/\"><strong>Heinz Grill<\/strong><\/a> (nato nel 1960 in Germania)<\/p>\n\n<p>ha fondato un percorso di formazione spirituale contemporaneo, il &#8220;Nuovo Testamento Yoga&#8221;, negli ultimi 35 anni e ora vive sul Lago di Garda in Italia.<\/p>\n\n<p>\u00c8 un maestro spirituale, insegnante di yoga, praticante alternativo, alpinista e autore con un&#8217;opera completa di oltre 60 libri.<\/p>\n\n<p>Non vede il lavoro della sua vita come un nuovo stile o una nuova direzione dello yoga. Piuttosto, vuole promuovere l&#8217;individuazione dell&#8217;individuo, che \u00e8 completamente indipendente da uno stile di yoga o da una convinzione religiosa. Questo percorso di formazione pu\u00f2 quindi arricchire tutte le pratiche di esercizio e le aree della vita in modo completamente libero e permearle di nuove intuizioni.  <\/p>\n\n<h2 class=\"wp-block-heading\" style=\"font-size:25px\">Un percorso dall&#8217;alto verso il basso<\/h2>\n\n<p>Sulla base dello yoga classico e dell&#8217;<a href=\"http:\/\/yoga-stile-im-vergleich.de\/anthroposophie-und-yoga\/\">antroposofia<\/a>, ha condotto una ricerca molto personale sulle leggi dell&#8217;anima e dello spirito e sul loro impatto sulle persone della cultura occidentale di oggi.<\/p>\n\n<p>Gli esercizi fisici dello yoga <em>(asana)<\/em> svolgono un ruolo centrale in questo percorso di formazione. Fanno parte del percorso di formazione spirituale e servono come mezzo di espressione per la realizzazione mentale e spirituale del praticante. Lo studio spirituale non va quindi considerato separatamente dalla pratica fisica, ma \u00e8 direttamente collegato agli esercizi fisici attraverso il processo di realizzazione<em> (jnana)<\/em>.  <\/p>\n\n<h2 class=\"wp-block-heading\" style=\"font-size:25px\">Il corpo diventa un mezzo di espressione estetica per l&#8217;anima<\/h2>\n\n<p>Come si pratica? I pensieri spirituali e pratici sulle <g id=\"gid_0\">asana<\/g> sono all&#8217;inizio della pratica. Vengono esplorati in anticipo in un dialogo personale e poi approfonditi in modo pratico durante l&#8217;esecuzione degli esercizi fisici. La pratica con il corpo si arricchisce in questo modo di una vivace attivit\u00e0 di consapevolezza e l&#8217;esperienza ha dimostrato che il corpo si adatta pi\u00f9 facilmente e senza sforzo ai movimenti. Le immagini e le idee preparano ovviamente il movimento.    <\/p>\n\n<p>Non si tratta quindi solo di allenamento fisico, poich\u00e9 viene prestata maggiore attenzione all&#8217;espressione estetica dell&#8217;esercizio piuttosto che alla perfezione fisica. \u00c8 la prima volta che gli esercizi fisici diventano esercizi per l&#8217;anima. Ecco un esempio:  <\/p>\n\n<figure class=\"wp-block-embed is-type-video is-provider-youtube wp-block-embed-youtube wp-embed-aspect-16-9 wp-has-aspect-ratio\"><div class=\"wp-block-embed__wrapper\">\n<iframe loading=\"lazy\" title=\"Der T\u00e4nzer - Natarajasana\" width=\"525\" height=\"295\" src=\"https:\/\/www.youtube.com\/embed\/cEtbStVQQAI?feature=oembed\" frameborder=\"0\" allow=\"accelerometer; autoplay; clipboard-write; encrypted-media; gyroscope; picture-in-picture; web-share\" referrerpolicy=\"strict-origin-when-cross-origin\" allowfullscreen><\/iframe>\n<\/div><\/figure>\n\n<p>In generale, l&#8217;hatha yoga allena il corpo e lo ricarica energeticamente sincronizzando la respirazione e il movimento. Tuttavia, Heinz Grill suggerisce di lasciare il respiro completamente libero negli esercizi fisici invece di usarlo per dare energia al corpo. <\/p>\n\n<p>Il respiro libero accompagna la pratica e viene percepito consapevolmente nella sua intensit\u00e0 e qualit\u00e0, profondit\u00e0 e ampiezza nelle varie regioni del corpo attraverso vari movimenti leggeri. Gli esercizi impegnativi non sono solo una sfida fisica: sfidano la coscienza a rimanere vigile e attenta alla respirazione e alle condizioni fisiche. <\/p>\n\n<p>Heinz Grill descrive la procedura in <a href=\"https:\/\/heinz-grill.de\/heilwirkung-geloester-atem-bewegung\/\">Die Heilwirkungen der gel\u00f6sten Bewegung<\/a> come segue:<\/p>\n\n<p><em>&#8220;L&#8217;intensa percezione emotiva del corpo in termini di benessere o dolore lascia il posto a una chiara osservazione, una percezione neutra e mentalmente orientata che non \u00e8 cos\u00ec legata alle sensazioni del corpo. Anche se il praticante percepisce benessere e dolore, rimane il pi\u00f9 possibile libero da questi fenomeni nella sua coscienza e dirige la sua attenzione in modo responsabile fino a quando non pu\u00f2 assumere una posizione estetica e ideale. Ad esempio, se il dolore pone un limite al movimento, il praticante non cerca di superarlo o di eliminare la tensione che si genera, ma osserva la relazione con il corpo e le sue varie reazioni emotive. Non si rende completamente dipendente dal disagio o dal malessere, ma utilizza l&#8217;immaginazione per formare uno stato sempre pi\u00f9 rilassato, permettendo consapevolmente al respiro di fluire facilmente e sviluppando infine il nuovo modellamento e la tensione per l&#8217;asana da quel momento di rilassamento e di primo rilascio dal corpo. Un&#8217;espressione leggera ed estetica emerge infine nella posa finale&#8221;.    <\/em><\/p>\n\n<p>Il libro<a href=\"https:\/\/heinrichschwabverlag.de\/Buecher\/Spiritualitaet\/Der-freie-Atem-und-der-Lichtseelenprozess::291.html\">&#8220;Il Respiro Libero e il Processo dell&#8217;Anima Leggera &#8211; La Nuova Volont\u00e0 dello Yoga nel suo rapporto con l&#8217;Antroposofia<\/a>&#8221; contiene molti suggerimenti sulla respirazione libera per i principianti e per i praticanti avanzati.<\/p>\n\n<h2 class=\"wp-block-heading\" style=\"font-size:25px\">La componente sociale dello yoga: <br\/>Centrati verso l&#8217;interno e aperti verso l&#8217;esterno<\/h2>\n\n<p>Heinz Grill descrive l&#8217;attenzione consapevole verso l&#8217;esterno come un ideale nella pratica dello yoga e come un requisito del nostro tempo per raggiungere la vera pace interiore e infine la meditazione.<\/p>\n<div class=\"wp-block-image\">\n<figure class=\"alignleft is-resized\"><img loading=\"lazy\" decoding=\"async\" width=\"200\" height=\"300\" src=\"http:\/\/yoga-stile-im-vergleich.de\/wp-content\/uploads\/2018\/05\/Heinz-Grill-Baum-tadasana-Die-Seelendimension-des-Yoga-200x300.jpg\" alt=\"\" class=\"wp-image-329\" style=\"width:294px;height:auto\"\/><\/figure>\n<\/div>\n<p>Questo ideale pu\u00f2 essere studiato con l&#8217;esempio della <em>tadasana<\/em> dell&#8217;albero: L&#8217;intera persona \u00e8 eretta e perpendicolare, gli occhi sono aperti e la percezione \u00e8 diretta verso l&#8217;esterno. Tuttavia, la persona appare centrata verso l&#8217;interno, pi\u00f9 precisamente verso la colonna vertebrale e il cuore. <\/p>\n\n<p>Nel Rajayoga, il <strong>pratyahara<\/strong>, il ritiro dei sensi, \u00e8 descritto come il quinto stadio del percorso yoga. Gli antichi indiani dovevano ritirare il pi\u00f9 possibile le attivit\u00e0 sensoriali come vedere, sentire, odorare, assaggiare e toccare per non affezionarsi al mondo. Ancora oggi, la maggior parte delle persone si sente esausta delle numerose impressioni sensoriali del nostro mondo frenetico e veloce e si sente alienata da se stessa. Vogliono chiudere gli occhi e trovare finalmente la pace e la meditazione. Ecco perch\u00e9 in una lezione di yoga vuoi lasciarti alle spalle tutte le impressioni quotidiane.    <\/p>\n\n<p>Nella Nuova Volont\u00e0 dello Yoga, tuttavia, <strong>dirigere i sensi verso l&#8217;esterno<\/strong> \u00e8 di particolare importanza, perch\u00e9 \u00e8 proprio nel rapporto significativo e persino approfondito con i fenomeni del mondo che dovrebbe avvenire la consapevolezza dei contesti pi\u00f9 profondi della vita, che alla fine portano alla contemplazione e alla meditazione interiore. Il praticante di yoga si connette cos\u00ec pi\u00f9 intensamente con il mondo, pur rimanendo libero dai suoi legami. Naturalmente, queste contemplazioni devono essere indirizzate in modo mirato, in modo da portare alla concentrazione piuttosto che alla distrazione. C&#8217;\u00e8 un articolo notevole su questo argomento in Yogawiki: <a href=\"https:\/\/wiki.yoga-vidya.de\/Pratyahara_M%C3%B6glichkeiten_und_Vergleiche_zum_anthroposophischen_Schulungsweg\">Possibilit\u00e0 di Pratyahara e paragoni con il percorso di formazione antroposofica<\/a>.   <\/p>\n\n<p>Questa apertura e interesse per l&#8217;ambiente circostante si trasferir\u00e0 naturalmente alla tua vita sociale. Una necessit\u00e0 urgente, perch\u00e9 quante persone si ritirano a causa delle eccessive esigenze della vita quotidiana, cercano di rigenerarsi ritirandosi dal mondo o per compensazione e soffrono sempre pi\u00f9 di un vuoto interiore con mancanza di relazioni, insensibilit\u00e0 e solitudine. <\/p>\n\n<h2 class=\"wp-block-heading\" style=\"font-size:25px\">E infine: Come nasce la libera circolazione?<\/h2>\n\n<p>Nell&#8217;articolo: Il <a href=\"https:\/\/heinz-grill.de\/bewegung-aetherisch\/\">movimento eterico<\/a>, Heinz Grill descrive la differenza tra il movimento puramente motorizzato, che \u00e8 soggetto alla gravit\u00e0, e il movimento sensoriale, che si basa sulle leggi del cosiddetto corpo eterico o corpo pranico e quindi non \u00e8 pi\u00f9 soggetto alla gravit\u00e0.<\/p>\n\n<p>Nel video seguente \u00e8 facile vedere come il movimento possa essere creato lasciando andare il corpo. Anche se questo va oltre le tue capacit\u00e0 personali, studiare le connessioni pu\u00f2 arricchire la tua pratica individuale. I praticanti di yoga possono ottenere maggiore facilit\u00e0, libert\u00e0 ed estetica al loro livello personale.  <\/p>\n\n<figure class=\"wp-block-embed is-type-video is-provider-youtube wp-block-embed-youtube wp-embed-aspect-16-9 wp-has-aspect-ratio\"><div class=\"wp-block-embed__wrapper\">\n<iframe loading=\"lazy\" title=\"Yoga Arte - Die Heuschrecke - salabhasana - mit einem Ausdruck von K\u00f6rperunabh\u00e4ngigkeit\" width=\"525\" height=\"295\" src=\"https:\/\/www.youtube.com\/embed\/mDDF7sPxb60?feature=oembed\" frameborder=\"0\" allow=\"accelerometer; autoplay; clipboard-write; encrypted-media; gyroscope; picture-in-picture; web-share\" referrerpolicy=\"strict-origin-when-cross-origin\" allowfullscreen><\/iframe>\n<\/div><\/figure>\n\n<p>Vedi anche la descrizione della pratica degli esercizi in <a href=\"http:\/\/yoga-stile-im-vergleich.de\/der-neue-yogawille-2\/\">Il nuovo testamento yoga<\/a><\/p>\n\n<p><a href=\"https:\/\/yoga-stile-im-vergleich.de\/it\/lo-yoga-tradizionale-e-uno-sguardo-al-futuro\/\" title=\"Lo yoga tradizionale e uno sguardo al futuro\">Continua a leggere: <\/a> Yoga tradizionale e sguardo al futuro<a name=\"_ednref1\" href=\"#_edn1\"><\/a><\/p>\n\n<p><\/p>\n","protected":false},"excerpt":{"rendered":"<p>Heinz Grill (nato nel 1960 in Germania) ha fondato un percorso di formazione spirituale contemporaneo, il &#8220;Nuovo Testamento Yoga&#8221;, negli ultimi 35 anni e ora vive sul Lago di Garda in Italia. \u00c8 un maestro spirituale, insegnante di yoga, praticante alternativo, alpinista e autore con un&#8217;opera completa di oltre 60 libri. Non vede il lavoro &hellip; <\/p>\n<p class=\"link-more\"><a href=\"https:\/\/yoga-stile-im-vergleich.de\/it\/heinz-grill-e-the-new-yoga-will\/\" class=\"more-link\">Leggi tutto<span class=\"screen-reader-text\"> &#8220;Heinz Grill e The New Yoga Will&#8221;<\/span><\/a><\/p>\n","protected":false},"author":1,"featured_media":0,"parent":0,"menu_order":0,"comment_status":"closed","ping_status":"closed","template":"","meta":{"footnotes":""},"class_list":["post-2190","page","type-page","status-publish","hentry"],"aioseo_notices":[],"_links":{"self":[{"href":"https:\/\/yoga-stile-im-vergleich.de\/it\/wp-json\/wp\/v2\/pages\/2190","targetHints":{"allow":["GET"]}}],"collection":[{"href":"https:\/\/yoga-stile-im-vergleich.de\/it\/wp-json\/wp\/v2\/pages"}],"about":[{"href":"https:\/\/yoga-stile-im-vergleich.de\/it\/wp-json\/wp\/v2\/types\/page"}],"author":[{"embeddable":true,"href":"https:\/\/yoga-stile-im-vergleich.de\/it\/wp-json\/wp\/v2\/users\/1"}],"replies":[{"embeddable":true,"href":"https:\/\/yoga-stile-im-vergleich.de\/it\/wp-json\/wp\/v2\/comments?post=2190"}],"version-history":[{"count":3,"href":"https:\/\/yoga-stile-im-vergleich.de\/it\/wp-json\/wp\/v2\/pages\/2190\/revisions"}],"predecessor-version":[{"id":2625,"href":"https:\/\/yoga-stile-im-vergleich.de\/it\/wp-json\/wp\/v2\/pages\/2190\/revisions\/2625"}],"wp:attachment":[{"href":"https:\/\/yoga-stile-im-vergleich.de\/it\/wp-json\/wp\/v2\/media?parent=2190"}],"curies":[{"name":"wp","href":"https:\/\/api.w.org\/{rel}","templated":true}]}}